{"id":13510,"date":"2026-01-27T08:35:41","date_gmt":"2026-01-27T07:35:41","guid":{"rendered":"https:\/\/ibs.bialowieza.pl\/en\/?page_id=13510"},"modified":"2026-03-21T20:48:47","modified_gmt":"2026-03-21T19:48:47","slug":"movement-ecology-group","status":"publish","type":"page","link":"https:\/\/ibs.bialowieza.pl\/en\/research-groups\/movement-ecology-group\/","title":{"rendered":"Movement Ecology Group"},"content":{"rendered":"<p>[et_pb_section fb_built=&#8221;1&#8243; specialty=&#8221;on&#8221; _builder_version=&#8221;4.27.5&#8243; inner_max_width=&#8221;none&#8221; global_colors_info=&#8221;{}&#8221;][et_pb_column type=&#8221;1_4&#8243; _builder_version=&#8221;4.16&#8243; custom_padding=&#8221;|||&#8221; global_colors_info=&#8221;{}&#8221; custom_padding__hover=&#8221;|||&#8221;][et_pb_sidebar area=&#8221;et_pb_widget_area_3&#8243; show_border=&#8221;off&#8221; _builder_version=&#8221;4.27.4&#8243; global_colors_info=&#8221;{}&#8221;][\/et_pb_sidebar][\/et_pb_column][et_pb_column type=&#8221;3_4&#8243; specialty_columns=&#8221;3&#8243; _builder_version=&#8221;4.16&#8243; custom_padding=&#8221;|||&#8221; global_colors_info=&#8221;{}&#8221; custom_padding__hover=&#8221;|||&#8221;][et_pb_row_inner _builder_version=&#8221;4.16&#8243; global_colors_info=&#8221;{}&#8221;][et_pb_column_inner saved_specialty_column_type=&#8221;3_4&#8243; _builder_version=&#8221;4.16&#8243; custom_padding=&#8221;|||&#8221; global_colors_info=&#8221;{}&#8221; custom_padding__hover=&#8221;|||&#8221;][et_pb_text module_class=&#8221;title&#8221; _builder_version=&#8221;4.27.6&#8243; global_colors_info=&#8221;{}&#8221;]<\/p>\n<p>Leader<\/p>\n<p>[\/et_pb_text][et_pb_staff member=&#8221;9401&#8243; _builder_version=&#8221;4.27.5&#8243; global_colors_info=&#8221;{}&#8221;][\/et_pb_staff][\/et_pb_column_inner][\/et_pb_row_inner][et_pb_row_inner column_structure=&#8221;1_2,1_2&#8243; admin_label=&#8221;Wiersz&#8221; _builder_version=&#8221;4.16&#8243; global_colors_info=&#8221;{}&#8221;][et_pb_column_inner type=&#8221;1_2&#8243; saved_specialty_column_type=&#8221;3_4&#8243; _builder_version=&#8221;4.16&#8243; custom_padding=&#8221;|||&#8221; global_colors_info=&#8221;{}&#8221; custom_padding__hover=&#8221;|||&#8221;][et_pb_text admin_label=&#8221;Pracownicy&#8221; module_class=&#8221;title&#8221; _builder_version=&#8221;4.27.6&#8243; z_index_tablet=&#8221;500&#8243; global_colors_info=&#8221;{}&#8221;]<\/p>\n<p>Group members<\/p>\n<p>[\/et_pb_text][et_pb_text admin_label=&#8221;Tekst&#8221; module_class=&#8221;staff-table&#8221; _builder_version=&#8221;4.27.6&#8243; z_index_tablet=&#8221;500&#8243; global_colors_info=&#8221;{}&#8221;]<a href=\"https:\/\/ibs.bialowieza.pl\/pracownicy\/rafal-kowalczyk\/\">prof. dr hab. Kowalczyk Rafa\u0142<\/a><br \/>\n<a href=\"https:\/\/ibs.bialowieza.pl\/pracownicy\/7591-2\/\">dr hab. Tomasz Borowik<\/a><br \/>\n<a href=\"https:\/\/ibs.bialowieza.pl\/pracownicy\/tomasz-podgorski\/\">dr Tomasz Podg\u00f3rski <\/a><br \/>\n<a href=\"https:\/\/ibs.bialowieza.pl\/pracownicy\/kamila-plis\/\">dr Kamila Plis<\/a><br \/>\n<a href=\"https:\/\/ibs.bialowieza.pl\/pracownicy\/robin-wijnands\/\">Robin Wijnands<\/a><br \/>\n<a href=\"https:\/\/ibs.bialowieza.pl\/pracownicy\/srivats-chari\/\">Srivats Chari<\/a><br \/>\nEwa Siedlarczyk[\/et_pb_text][\/et_pb_column_inner][et_pb_column_inner type=&#8221;1_2&#8243; saved_specialty_column_type=&#8221;3_4&#8243; _builder_version=&#8221;4.16&#8243; custom_padding=&#8221;|||&#8221; global_colors_info=&#8221;{}&#8221; custom_padding__hover=&#8221;|||&#8221;][et_pb_text admin_label=&#8221;Osoby wsp\u00f3\u0142pracuj\u0105ce&#8221; module_class=&#8221;title&#8221; _builder_version=&#8221;4.27.5&#8243; z_index_tablet=&#8221;500&#8243; global_colors_info=&#8221;{}&#8221;]<\/p>\n<p>External collaborators<\/p>\n<p>[\/et_pb_text][et_pb_text admin_label=&#8221;Tekst&#8221; module_class=&#8221;staff-table&#8221; _builder_version=&#8221;4.27.5&#8243; z_index_tablet=&#8221;500&#8243; global_colors_info=&#8221;{}&#8221;][\/et_pb_text][\/et_pb_column_inner][\/et_pb_row_inner][et_pb_row_inner _builder_version=&#8221;4.27.5&#8243; _module_preset=&#8221;default&#8221; global_colors_info=&#8221;{}&#8221;][et_pb_column_inner saved_specialty_column_type=&#8221;3_4&#8243; _builder_version=&#8221;4.27.5&#8243; _module_preset=&#8221;default&#8221; global_colors_info=&#8221;{}&#8221;][et_pb_text admin_label=&#8221;Opis grupy&#8221; module_class=&#8221;title&#8221; _builder_version=&#8221;4.27.6&#8243; hover_enabled=&#8221;0&#8243; z_index_tablet=&#8221;500&#8243; global_colors_info=&#8221;{}&#8221; sticky_enabled=&#8221;0&#8243;]<\/p>\n<p>Group description<\/p>\n<p>[\/et_pb_text][et_pb_text _builder_version=&#8221;4.27.6&#8243; _module_preset=&#8221;default&#8221; hover_enabled=&#8221;0&#8243; global_colors_info=&#8221;{}&#8221; sticky_enabled=&#8221;0&#8243;]<\/p>\n<p>The Movement Ecology Group\u00a0(MEG) focuses on the movement ecology of mammals and large terrestrial vertebrates. Namely, its research activities aims to better understand the ultimate and proximate drivers of animal movement in terrestrial ecosystems, also with the goal of quantifying the influence of human activities (e.g. agriculture, hunting, forestry) and inform conservation policies. Some of the main scientific questions that will be tackled by MEG include:<\/p>\n<ol>\n<li>Quantify the relative influence of natural and anthropogenic resources (e.g., crop development; masting), human disturbance and predation risk, over the movement patterns of large mammals in anthropized ecosystems. Namely, understanding how large mammals living at the interface of woodlands, croplands and urban areas move and select habitat patches, in order to balance resource acquisition with their perceived predation risk stemming from humans and large carnivores.<\/li>\n<li>Use models of animal movement to guide the management of wildlife diseases, under a One Health Approach. For example, characterizing the movement of wild boars to guide management strategies for the control of African Swine Fever in Europe.<\/li>\n<li>Use data from GPS telemetry and accelerometers to quantify the post-release behavior of large vertebrates, in conservation translocations. This will allow to disentangle the effect of captive breeding and\/or different acclimatisation and release methods, over space use, movement periodicity and habitat selection.<\/li>\n<li>Predict movement corridors for mammals in Europe, by combining GPS telemetry data, large datasets about animal distribution (e.g., GBIF), expert knowledge and models for environmental suitability and connectivity. Then using predictions about movement corridors to better understand wildlife\u2013transportation collisions and design mitigation measures.<\/li>\n<\/ol>\n<p>[\/et_pb_text][\/et_pb_column_inner][\/et_pb_row_inner][et_pb_row_inner disabled_on=&#8221;on|on|on&#8221; admin_label=&#8221;Wiersz&#8221; _builder_version=&#8221;4.27.4&#8243; disabled=&#8221;on&#8221; global_colors_info=&#8221;{}&#8221;][et_pb_column_inner saved_specialty_column_type=&#8221;3_4&#8243; _builder_version=&#8221;4.16&#8243; custom_padding=&#8221;|||&#8221; global_colors_info=&#8221;{}&#8221; custom_padding__hover=&#8221;|||&#8221;][et_pb_text module_class=&#8221;title&#8221; _builder_version=&#8221;4.27.6&#8243; global_colors_info=&#8221;{}&#8221;]<\/p>\n<p>Group description<\/p>\n<p>[\/et_pb_text][et_pb_text _builder_version=&#8221;4.27.4&#8243; z_index_tablet=&#8221;500&#8243; global_colors_info=&#8221;{}&#8221;][\/et_pb_text][\/et_pb_column_inner][\/et_pb_row_inner][\/et_pb_column][\/et_pb_section]<\/p>\n","protected":false},"excerpt":{"rendered":"<p>LeaderGroup membersprof. dr hab. Kowalczyk Rafa\u0142 dr hab. Tomasz Borowik dr Tomasz Podg\u00f3rski dr Kamila Plis Robin Wijnands Srivats Chari Ewa SiedlarczykExternal collaboratorsGroup descriptionThe Movement Ecology Group\u00a0(MEG) focuses on the movement ecology of mammals and large terrestrial vertebrates. Namely, its research activities aims to better understand the ultimate and proximate drivers of animal movement in [&hellip;]<\/p>\n","protected":false},"author":4,"featured_media":0,"parent":9687,"menu_order":0,"comment_status":"closed","ping_status":"closed","template":"","meta":{"_et_pb_use_builder":"on","_et_pb_old_content":"","_et_gb_content_width":"","footnotes":""},"class_list":["post-13510","page","type-page","status-publish","hentry"],"yoast_head":"<!-- This site is optimized with the Yoast SEO plugin v27.4 - https:\/\/yoast.com\/product\/yoast-seo-wordpress\/ -->\n<title>Movement Ecology Group - Mammal Research Institute<\/title>\n<meta name=\"robots\" content=\"index, follow, max-snippet:-1, max-image-preview:large, max-video-preview:-1\" \/>\n<link rel=\"canonical\" href=\"https:\/\/ibs.bialowieza.pl\/en\/research-groups\/movement-ecology-group\/\" \/>\n<meta property=\"og:locale\" content=\"en_US\" \/>\n<meta property=\"og:type\" content=\"article\" \/>\n<meta property=\"og:title\" content=\"Movement Ecology Group - Mammal Research Institute\" \/>\n<meta property=\"og:description\" content=\"LeaderGroup membersprof. dr hab. Kowalczyk Rafa\u0142 dr hab. Tomasz Borowik dr Tomasz Podg\u00f3rski dr Kamila Plis Robin Wijnands Srivats Chari Ewa SiedlarczykExternal collaboratorsGroup descriptionThe Movement Ecology Group\u00a0(MEG) focuses on the movement ecology of mammals and large terrestrial vertebrates. Namely, its research activities aims to better understand the ultimate and proximate drivers of animal movement in [&hellip;]\" \/>\n<meta property=\"og:url\" content=\"https:\/\/ibs.bialowieza.pl\/en\/research-groups\/movement-ecology-group\/\" \/>\n<meta property=\"og:site_name\" content=\"Mammal Research Institute\" \/>\n<meta property=\"article:modified_time\" content=\"2026-03-21T19:48:47+00:00\" \/>\n<meta name=\"twitter:card\" content=\"summary_large_image\" \/>\n<meta name=\"twitter:label1\" content=\"Est. reading time\" \/>\n\t<meta name=\"twitter:data1\" content=\"2 minutes\" \/>\n<script type=\"application\/ld+json\" class=\"yoast-schema-graph\">{\"@context\":\"https:\\\/\\\/schema.org\",\"@graph\":[{\"@type\":\"WebPage\",\"@id\":\"https:\\\/\\\/ibs.bialowieza.pl\\\/en\\\/research-groups\\\/movement-ecology-group\\\/\",\"url\":\"https:\\\/\\\/ibs.bialowieza.pl\\\/en\\\/research-groups\\\/movement-ecology-group\\\/\",\"name\":\"Movement Ecology Group - Mammal Research Institute\",\"isPartOf\":{\"@id\":\"https:\\\/\\\/ibs.bialowieza.pl\\\/en\\\/#website\"},\"datePublished\":\"2026-01-27T07:35:41+00:00\",\"dateModified\":\"2026-03-21T19:48:47+00:00\",\"breadcrumb\":{\"@id\":\"https:\\\/\\\/ibs.bialowieza.pl\\\/en\\\/research-groups\\\/movement-ecology-group\\\/#breadcrumb\"},\"inLanguage\":\"en-US\",\"potentialAction\":[{\"@type\":\"ReadAction\",\"target\":[\"https:\\\/\\\/ibs.bialowieza.pl\\\/en\\\/research-groups\\\/movement-ecology-group\\\/\"]}]},{\"@type\":\"BreadcrumbList\",\"@id\":\"https:\\\/\\\/ibs.bialowieza.pl\\\/en\\\/research-groups\\\/movement-ecology-group\\\/#breadcrumb\",\"itemListElement\":[{\"@type\":\"ListItem\",\"position\":1,\"name\":\"Homepage\",\"item\":\"https:\\\/\\\/ibs.bialowieza.pl\\\/en\\\/\"},{\"@type\":\"ListItem\",\"position\":2,\"name\":\"Research Groups\",\"item\":\"https:\\\/\\\/ibs.bialowieza.pl\\\/en\\\/research-groups\\\/\"},{\"@type\":\"ListItem\",\"position\":3,\"name\":\"Movement Ecology Group\"}]},{\"@type\":\"WebSite\",\"@id\":\"https:\\\/\\\/ibs.bialowieza.pl\\\/en\\\/#website\",\"url\":\"https:\\\/\\\/ibs.bialowieza.pl\\\/en\\\/\",\"name\":\"Mammal Research Institute\",\"description\":\"Mammal Research Institute\",\"potentialAction\":[{\"@type\":\"SearchAction\",\"target\":{\"@type\":\"EntryPoint\",\"urlTemplate\":\"https:\\\/\\\/ibs.bialowieza.pl\\\/en\\\/?s={search_term_string}\"},\"query-input\":{\"@type\":\"PropertyValueSpecification\",\"valueRequired\":true,\"valueName\":\"search_term_string\"}}],\"inLanguage\":\"en-US\"}]}<\/script>\n<!-- \/ Yoast SEO plugin. -->","yoast_head_json":{"title":"Movement Ecology Group - Mammal Research Institute","robots":{"index":"index","follow":"follow","max-snippet":"max-snippet:-1","max-image-preview":"max-image-preview:large","max-video-preview":"max-video-preview:-1"},"canonical":"https:\/\/ibs.bialowieza.pl\/en\/research-groups\/movement-ecology-group\/","og_locale":"en_US","og_type":"article","og_title":"Movement Ecology Group - Mammal Research Institute","og_description":"LeaderGroup membersprof. dr hab. Kowalczyk Rafa\u0142 dr hab. Tomasz Borowik dr Tomasz Podg\u00f3rski dr Kamila Plis Robin Wijnands Srivats Chari Ewa SiedlarczykExternal collaboratorsGroup descriptionThe Movement Ecology Group\u00a0(MEG) focuses on the movement ecology of mammals and large terrestrial vertebrates. Namely, its research activities aims to better understand the ultimate and proximate drivers of animal movement in [&hellip;]","og_url":"https:\/\/ibs.bialowieza.pl\/en\/research-groups\/movement-ecology-group\/","og_site_name":"Mammal Research Institute","article_modified_time":"2026-03-21T19:48:47+00:00","twitter_card":"summary_large_image","twitter_misc":{"Est. reading time":"2 minutes"},"schema":{"@context":"https:\/\/schema.org","@graph":[{"@type":"WebPage","@id":"https:\/\/ibs.bialowieza.pl\/en\/research-groups\/movement-ecology-group\/","url":"https:\/\/ibs.bialowieza.pl\/en\/research-groups\/movement-ecology-group\/","name":"Movement Ecology Group - Mammal Research Institute","isPartOf":{"@id":"https:\/\/ibs.bialowieza.pl\/en\/#website"},"datePublished":"2026-01-27T07:35:41+00:00","dateModified":"2026-03-21T19:48:47+00:00","breadcrumb":{"@id":"https:\/\/ibs.bialowieza.pl\/en\/research-groups\/movement-ecology-group\/#breadcrumb"},"inLanguage":"en-US","potentialAction":[{"@type":"ReadAction","target":["https:\/\/ibs.bialowieza.pl\/en\/research-groups\/movement-ecology-group\/"]}]},{"@type":"BreadcrumbList","@id":"https:\/\/ibs.bialowieza.pl\/en\/research-groups\/movement-ecology-group\/#breadcrumb","itemListElement":[{"@type":"ListItem","position":1,"name":"Homepage","item":"https:\/\/ibs.bialowieza.pl\/en\/"},{"@type":"ListItem","position":2,"name":"Research Groups","item":"https:\/\/ibs.bialowieza.pl\/en\/research-groups\/"},{"@type":"ListItem","position":3,"name":"Movement Ecology Group"}]},{"@type":"WebSite","@id":"https:\/\/ibs.bialowieza.pl\/en\/#website","url":"https:\/\/ibs.bialowieza.pl\/en\/","name":"Mammal Research Institute","description":"Mammal Research Institute","potentialAction":[{"@type":"SearchAction","target":{"@type":"EntryPoint","urlTemplate":"https:\/\/ibs.bialowieza.pl\/en\/?s={search_term_string}"},"query-input":{"@type":"PropertyValueSpecification","valueRequired":true,"valueName":"search_term_string"}}],"inLanguage":"en-US"}]}},"_links":{"self":[{"href":"https:\/\/ibs.bialowieza.pl\/en\/wp-json\/wp\/v2\/pages\/13510","targetHints":{"allow":["GET"]}}],"collection":[{"href":"https:\/\/ibs.bialowieza.pl\/en\/wp-json\/wp\/v2\/pages"}],"about":[{"href":"https:\/\/ibs.bialowieza.pl\/en\/wp-json\/wp\/v2\/types\/page"}],"author":[{"embeddable":true,"href":"https:\/\/ibs.bialowieza.pl\/en\/wp-json\/wp\/v2\/users\/4"}],"replies":[{"embeddable":true,"href":"https:\/\/ibs.bialowieza.pl\/en\/wp-json\/wp\/v2\/comments?post=13510"}],"version-history":[{"count":12,"href":"https:\/\/ibs.bialowieza.pl\/en\/wp-json\/wp\/v2\/pages\/13510\/revisions"}],"predecessor-version":[{"id":14098,"href":"https:\/\/ibs.bialowieza.pl\/en\/wp-json\/wp\/v2\/pages\/13510\/revisions\/14098"}],"up":[{"embeddable":true,"href":"https:\/\/ibs.bialowieza.pl\/en\/wp-json\/wp\/v2\/pages\/9687"}],"wp:attachment":[{"href":"https:\/\/ibs.bialowieza.pl\/en\/wp-json\/wp\/v2\/media?parent=13510"}],"curies":[{"name":"wp","href":"https:\/\/api.w.org\/{rel}","templated":true}]}}