{"id":13714,"date":"2026-01-27T08:49:03","date_gmt":"2026-01-27T07:49:03","guid":{"rendered":"https:\/\/ibs.bialowieza.pl\/en\/?page_id=13714"},"modified":"2026-03-30T14:39:27","modified_gmt":"2026-03-30T12:39:27","slug":"group-of-biogeography","status":"publish","type":"page","link":"https:\/\/ibs.bialowieza.pl\/en\/research-groups\/group-of-biogeography\/","title":{"rendered":"Biogeography Group"},"content":{"rendered":"<p>[et_pb_section fb_built=&#8221;1&#8243; specialty=&#8221;on&#8221; _builder_version=&#8221;4.16&#8243; inner_max_width=&#8221;none&#8221; global_colors_info=&#8221;{}&#8221;][et_pb_column type=&#8221;1_4&#8243; _builder_version=&#8221;4.16&#8243; custom_padding=&#8221;|||&#8221; global_colors_info=&#8221;{}&#8221; custom_padding__hover=&#8221;|||&#8221;][et_pb_sidebar area=&#8221;et_pb_widget_area_3&#8243; show_border=&#8221;off&#8221; _builder_version=&#8221;4.27.4&#8243; global_colors_info=&#8221;{}&#8221;][\/et_pb_sidebar][\/et_pb_column][et_pb_column type=&#8221;3_4&#8243; specialty_columns=&#8221;3&#8243; _builder_version=&#8221;4.16&#8243; custom_padding=&#8221;|||&#8221; global_colors_info=&#8221;{}&#8221; custom_padding__hover=&#8221;|||&#8221;][et_pb_row_inner _builder_version=&#8221;4.16&#8243; global_colors_info=&#8221;{}&#8221;][et_pb_column_inner saved_specialty_column_type=&#8221;3_4&#8243; _builder_version=&#8221;4.16&#8243; custom_padding=&#8221;|||&#8221; global_colors_info=&#8221;{}&#8221; custom_padding__hover=&#8221;|||&#8221;][et_pb_text module_class=&#8221;title&#8221; _builder_version=&#8221;4.27.6&#8243; global_colors_info=&#8221;{}&#8221;]<\/p>\n<p>Leader<\/p>\n<p>[\/et_pb_text][et_pb_staff member=&#8221;7894&#8243; _builder_version=&#8221;4.27.5&#8243; global_colors_info=&#8221;{}&#8221;][\/et_pb_staff][\/et_pb_column_inner][\/et_pb_row_inner][et_pb_row_inner column_structure=&#8221;1_2,1_2&#8243; admin_label=&#8221;Wiersz&#8221; _builder_version=&#8221;4.16&#8243; global_colors_info=&#8221;{}&#8221;][et_pb_column_inner type=&#8221;1_2&#8243; saved_specialty_column_type=&#8221;3_4&#8243; _builder_version=&#8221;4.16&#8243; custom_padding=&#8221;|||&#8221; global_colors_info=&#8221;{}&#8221; custom_padding__hover=&#8221;|||&#8221;][et_pb_text admin_label=&#8221;Pracownicy&#8221; module_class=&#8221;title&#8221; _builder_version=&#8221;4.27.6&#8243; z_index_tablet=&#8221;500&#8243; global_colors_info=&#8221;{}&#8221;]<\/p>\n<p>Group members<\/p>\n<p>[\/et_pb_text][et_pb_text admin_label=&#8221;Tekst&#8221; module_class=&#8221;staff-table&#8221; _builder_version=&#8221;4.27.6&#8243; z_index_tablet=&#8221;500&#8243; global_colors_info=&#8221;{}&#8221;]<a href=\"https:\/\/ibs.bialowieza.pl\/pracownicy\/bogumila-jedrzejewska\/\">prof. Bogumi\u0142a J\u0119drzejewska<\/a><br \/>\n<a href=\"https:\/\/ibs.bialowieza.pl\/pracownicy\/aleksandra-wrobel\/\">Aleksandra Wr\u00f3bel, PhD<\/a><br \/>\n<a href=\"https:\/\/ibs.bialowieza.pl\/pracownicy\/konstantinos-raptis\/\">Konstantinos Raptis<\/a><br \/>\nHanna Zalewska<br \/>\nBarbara Marczuk[\/et_pb_text][\/et_pb_column_inner][et_pb_column_inner type=&#8221;1_2&#8243; saved_specialty_column_type=&#8221;3_4&#8243; _builder_version=&#8221;4.16&#8243; custom_padding=&#8221;|||&#8221; global_colors_info=&#8221;{}&#8221; custom_padding__hover=&#8221;|||&#8221;][et_pb_text admin_label=&#8221;Osoby wsp\u00f3\u0142pracuj\u0105ce&#8221; module_class=&#8221;title&#8221; _builder_version=&#8221;4.27.6&#8243; z_index_tablet=&#8221;500&#8243; global_colors_info=&#8221;{}&#8221;]<\/p>\n<p>External collaborators<\/p>\n<p>[\/et_pb_text][et_pb_text admin_label=&#8221;Tekst&#8221; module_class=&#8221;staff-table&#8221; _builder_version=&#8221;4.27.6&#8243; z_index_tablet=&#8221;500&#8243; global_colors_info=&#8221;{}&#8221;]Marcin G\u00f3rny<br \/>\nMateusz Baca<br \/>\nDanijela Popovi\u0107<br \/>\nKrzysztof Stefaniak<br \/>\nPawe\u0142 Mackiewicz<br \/>\nMenno de Jong<br \/>\nFrank Zachos<br \/>\nEike Lena Neuschulz<br \/>\nHarald Bugmann\t[\/et_pb_text][\/et_pb_column_inner][\/et_pb_row_inner][et_pb_row_inner admin_label=&#8221;Wiersz&#8221; _builder_version=&#8221;4.16&#8243; global_colors_info=&#8221;{}&#8221;][et_pb_column_inner saved_specialty_column_type=&#8221;3_4&#8243; _builder_version=&#8221;4.16&#8243; custom_padding=&#8221;|||&#8221; global_colors_info=&#8221;{}&#8221; custom_padding__hover=&#8221;|||&#8221;][et_pb_text admin_label=&#8221;Opis grupy&#8221; module_class=&#8221;title&#8221; _builder_version=&#8221;4.27.6&#8243; z_index_tablet=&#8221;500&#8243; global_colors_info=&#8221;{}&#8221;]<\/p>\n<p>Group description<\/p>\n<p>[\/et_pb_text][et_pb_text admin_label=&#8221;Tekst&#8221; module_class=&#8221;staff-table&#8221; _builder_version=&#8221;4.27.6&#8243; hover_enabled=&#8221;0&#8243; z_index_tablet=&#8221;500&#8243; global_colors_info=&#8221;{}&#8221; sticky_enabled=&#8221;0&#8243;]<\/p>\n<p>The thematic scope of research conducted by the Biogeography Group continues the work carried out in previous years by the Department of Biogeography and will cover two main areas:<\/p>\n<div>\n<ol>\n<li>The impact of global environmental changes on the distribution, ecology, and genetic diversity of various mammal species at local, regional, and continental scales, from the Late Pleistocene to the present;<\/li>\n<li>2.\u00a0The impact of various species of mammals and birds, as well as their interactions, on ecological processes occurring in their habitats and feeding grounds across different spatial and temporal scales.<\/li>\n<\/ol>\n<\/div>\n<p>[\/et_pb_text][\/et_pb_column_inner][\/et_pb_row_inner][et_pb_row_inner disabled_on=&#8221;on|on|on&#8221; admin_label=&#8221;Wiersz&#8221; _builder_version=&#8221;4.27.4&#8243; disabled=&#8221;on&#8221; global_colors_info=&#8221;{}&#8221;][et_pb_column_inner saved_specialty_column_type=&#8221;3_4&#8243; _builder_version=&#8221;4.16&#8243; custom_padding=&#8221;|||&#8221; global_colors_info=&#8221;{}&#8221; custom_padding__hover=&#8221;|||&#8221;][et_pb_text module_class=&#8221;title&#8221; _builder_version=&#8221;4.27.6&#8243; global_colors_info=&#8221;{}&#8221;]<\/p>\n<p>Group description<\/p>\n<p>[\/et_pb_text][et_pb_text _builder_version=&#8221;4.27.4&#8243; z_index_tablet=&#8221;500&#8243; global_colors_info=&#8221;{}&#8221;][\/et_pb_text][\/et_pb_column_inner][\/et_pb_row_inner][\/et_pb_column][\/et_pb_section]<\/p>\n","protected":false},"excerpt":{"rendered":"<p>LeaderGroup membersprof. Bogumi\u0142a J\u0119drzejewska Aleksandra Wr\u00f3bel, PhD Konstantinos Raptis Hanna Zalewska Barbara MarczukExternal collaboratorsMarcin G\u00f3rny Mateusz Baca Danijela Popovi\u0107 Krzysztof Stefaniak Pawe\u0142 Mackiewicz Menno de Jong Frank Zachos Eike Lena Neuschulz Harald Bugmann Group descriptionThe thematic scope of research conducted by the Biogeography Group continues the work carried out in previous years by the Department [&hellip;]<\/p>\n","protected":false},"author":4,"featured_media":0,"parent":9687,"menu_order":0,"comment_status":"closed","ping_status":"closed","template":"","meta":{"_et_pb_use_builder":"on","_et_pb_old_content":"","_et_gb_content_width":"","footnotes":""},"class_list":["post-13714","page","type-page","status-publish","hentry"],"yoast_head":"<!-- This site is optimized with the Yoast SEO plugin v27.2 - https:\/\/yoast.com\/product\/yoast-seo-wordpress\/ -->\n<title>Biogeography Group - Mammal Research Institute<\/title>\n<meta name=\"robots\" content=\"index, follow, max-snippet:-1, max-image-preview:large, max-video-preview:-1\" \/>\n<link rel=\"canonical\" href=\"https:\/\/ibs.bialowieza.pl\/en\/research-groups\/group-of-biogeography\/\" \/>\n<meta property=\"og:locale\" content=\"en_US\" \/>\n<meta property=\"og:type\" content=\"article\" \/>\n<meta property=\"og:title\" content=\"Biogeography Group - Mammal Research Institute\" \/>\n<meta property=\"og:description\" content=\"LeaderGroup membersprof. Bogumi\u0142a J\u0119drzejewska Aleksandra Wr\u00f3bel, PhD Konstantinos Raptis Hanna Zalewska Barbara MarczukExternal collaboratorsMarcin G\u00f3rny Mateusz Baca Danijela Popovi\u0107 Krzysztof Stefaniak Pawe\u0142 Mackiewicz Menno de Jong Frank Zachos Eike Lena Neuschulz Harald Bugmann Group descriptionThe thematic scope of research conducted by the Biogeography Group continues the work carried out in previous years by the Department [&hellip;]\" \/>\n<meta property=\"og:url\" content=\"https:\/\/ibs.bialowieza.pl\/en\/research-groups\/group-of-biogeography\/\" \/>\n<meta property=\"og:site_name\" content=\"Mammal Research Institute\" \/>\n<meta property=\"article:modified_time\" content=\"2026-03-30T12:39:27+00:00\" \/>\n<meta name=\"twitter:card\" content=\"summary_large_image\" \/>\n<meta name=\"twitter:label1\" content=\"Est. reading time\" \/>\n\t<meta name=\"twitter:data1\" content=\"1 minute\" \/>\n<script type=\"application\/ld+json\" class=\"yoast-schema-graph\">{\"@context\":\"https:\/\/schema.org\",\"@graph\":[{\"@type\":\"WebPage\",\"@id\":\"https:\/\/ibs.bialowieza.pl\/en\/research-groups\/group-of-biogeography\/\",\"url\":\"https:\/\/ibs.bialowieza.pl\/en\/research-groups\/group-of-biogeography\/\",\"name\":\"Biogeography Group - Mammal Research Institute\",\"isPartOf\":{\"@id\":\"https:\/\/ibs.bialowieza.pl\/en\/#website\"},\"datePublished\":\"2026-01-27T07:49:03+00:00\",\"dateModified\":\"2026-03-30T12:39:27+00:00\",\"breadcrumb\":{\"@id\":\"https:\/\/ibs.bialowieza.pl\/en\/research-groups\/group-of-biogeography\/#breadcrumb\"},\"inLanguage\":\"en-US\",\"potentialAction\":[{\"@type\":\"ReadAction\",\"target\":[\"https:\/\/ibs.bialowieza.pl\/en\/research-groups\/group-of-biogeography\/\"]}]},{\"@type\":\"BreadcrumbList\",\"@id\":\"https:\/\/ibs.bialowieza.pl\/en\/research-groups\/group-of-biogeography\/#breadcrumb\",\"itemListElement\":[{\"@type\":\"ListItem\",\"position\":1,\"name\":\"Homepage\",\"item\":\"https:\/\/ibs.bialowieza.pl\/en\/\"},{\"@type\":\"ListItem\",\"position\":2,\"name\":\"Research Groups\",\"item\":\"https:\/\/ibs.bialowieza.pl\/en\/research-groups\/\"},{\"@type\":\"ListItem\",\"position\":3,\"name\":\"Biogeography Group\"}]},{\"@type\":\"WebSite\",\"@id\":\"https:\/\/ibs.bialowieza.pl\/en\/#website\",\"url\":\"https:\/\/ibs.bialowieza.pl\/en\/\",\"name\":\"Mammal Research Institute\",\"description\":\"Mammal Research Institute\",\"potentialAction\":[{\"@type\":\"SearchAction\",\"target\":{\"@type\":\"EntryPoint\",\"urlTemplate\":\"https:\/\/ibs.bialowieza.pl\/en\/?s={search_term_string}\"},\"query-input\":{\"@type\":\"PropertyValueSpecification\",\"valueRequired\":true,\"valueName\":\"search_term_string\"}}],\"inLanguage\":\"en-US\"}]}<\/script>\n<!-- \/ Yoast SEO plugin. -->","yoast_head_json":{"title":"Biogeography Group - Mammal Research Institute","robots":{"index":"index","follow":"follow","max-snippet":"max-snippet:-1","max-image-preview":"max-image-preview:large","max-video-preview":"max-video-preview:-1"},"canonical":"https:\/\/ibs.bialowieza.pl\/en\/research-groups\/group-of-biogeography\/","og_locale":"en_US","og_type":"article","og_title":"Biogeography Group - Mammal Research Institute","og_description":"LeaderGroup membersprof. Bogumi\u0142a J\u0119drzejewska Aleksandra Wr\u00f3bel, PhD Konstantinos Raptis Hanna Zalewska Barbara MarczukExternal collaboratorsMarcin G\u00f3rny Mateusz Baca Danijela Popovi\u0107 Krzysztof Stefaniak Pawe\u0142 Mackiewicz Menno de Jong Frank Zachos Eike Lena Neuschulz Harald Bugmann Group descriptionThe thematic scope of research conducted by the Biogeography Group continues the work carried out in previous years by the Department [&hellip;]","og_url":"https:\/\/ibs.bialowieza.pl\/en\/research-groups\/group-of-biogeography\/","og_site_name":"Mammal Research Institute","article_modified_time":"2026-03-30T12:39:27+00:00","twitter_card":"summary_large_image","twitter_misc":{"Est. reading time":"1 minute"},"schema":{"@context":"https:\/\/schema.org","@graph":[{"@type":"WebPage","@id":"https:\/\/ibs.bialowieza.pl\/en\/research-groups\/group-of-biogeography\/","url":"https:\/\/ibs.bialowieza.pl\/en\/research-groups\/group-of-biogeography\/","name":"Biogeography Group - Mammal Research Institute","isPartOf":{"@id":"https:\/\/ibs.bialowieza.pl\/en\/#website"},"datePublished":"2026-01-27T07:49:03+00:00","dateModified":"2026-03-30T12:39:27+00:00","breadcrumb":{"@id":"https:\/\/ibs.bialowieza.pl\/en\/research-groups\/group-of-biogeography\/#breadcrumb"},"inLanguage":"en-US","potentialAction":[{"@type":"ReadAction","target":["https:\/\/ibs.bialowieza.pl\/en\/research-groups\/group-of-biogeography\/"]}]},{"@type":"BreadcrumbList","@id":"https:\/\/ibs.bialowieza.pl\/en\/research-groups\/group-of-biogeography\/#breadcrumb","itemListElement":[{"@type":"ListItem","position":1,"name":"Homepage","item":"https:\/\/ibs.bialowieza.pl\/en\/"},{"@type":"ListItem","position":2,"name":"Research Groups","item":"https:\/\/ibs.bialowieza.pl\/en\/research-groups\/"},{"@type":"ListItem","position":3,"name":"Biogeography Group"}]},{"@type":"WebSite","@id":"https:\/\/ibs.bialowieza.pl\/en\/#website","url":"https:\/\/ibs.bialowieza.pl\/en\/","name":"Mammal Research Institute","description":"Mammal Research Institute","potentialAction":[{"@type":"SearchAction","target":{"@type":"EntryPoint","urlTemplate":"https:\/\/ibs.bialowieza.pl\/en\/?s={search_term_string}"},"query-input":{"@type":"PropertyValueSpecification","valueRequired":true,"valueName":"search_term_string"}}],"inLanguage":"en-US"}]}},"_links":{"self":[{"href":"https:\/\/ibs.bialowieza.pl\/en\/wp-json\/wp\/v2\/pages\/13714","targetHints":{"allow":["GET"]}}],"collection":[{"href":"https:\/\/ibs.bialowieza.pl\/en\/wp-json\/wp\/v2\/pages"}],"about":[{"href":"https:\/\/ibs.bialowieza.pl\/en\/wp-json\/wp\/v2\/types\/page"}],"author":[{"embeddable":true,"href":"https:\/\/ibs.bialowieza.pl\/en\/wp-json\/wp\/v2\/users\/4"}],"replies":[{"embeddable":true,"href":"https:\/\/ibs.bialowieza.pl\/en\/wp-json\/wp\/v2\/comments?post=13714"}],"version-history":[{"count":8,"href":"https:\/\/ibs.bialowieza.pl\/en\/wp-json\/wp\/v2\/pages\/13714\/revisions"}],"predecessor-version":[{"id":14113,"href":"https:\/\/ibs.bialowieza.pl\/en\/wp-json\/wp\/v2\/pages\/13714\/revisions\/14113"}],"up":[{"embeddable":true,"href":"https:\/\/ibs.bialowieza.pl\/en\/wp-json\/wp\/v2\/pages\/9687"}],"wp:attachment":[{"href":"https:\/\/ibs.bialowieza.pl\/en\/wp-json\/wp\/v2\/media?parent=13714"}],"curies":[{"name":"wp","href":"https:\/\/api.w.org\/{rel}","templated":true}]}}