{"id":13718,"date":"2026-01-27T08:55:14","date_gmt":"2026-01-27T07:55:14","guid":{"rendered":"https:\/\/ibs.bialowieza.pl\/en\/?page_id=13718"},"modified":"2026-03-23T09:26:57","modified_gmt":"2026-03-23T08:26:57","slug":"trophic-ecology-group","status":"publish","type":"page","link":"https:\/\/ibs.bialowieza.pl\/en\/research-groups\/trophic-ecology-group\/","title":{"rendered":"Trophic Ecology Group"},"content":{"rendered":"<p>[et_pb_section fb_built=&#8221;1&#8243; specialty=&#8221;on&#8221; _builder_version=&#8221;4.16&#8243; inner_max_width=&#8221;none&#8221; global_colors_info=&#8221;{}&#8221;][et_pb_column type=&#8221;1_4&#8243; _builder_version=&#8221;4.16&#8243; custom_padding=&#8221;|||&#8221; global_colors_info=&#8221;{}&#8221; custom_padding__hover=&#8221;|||&#8221;][et_pb_sidebar area=&#8221;et_pb_widget_area_3&#8243; show_border=&#8221;off&#8221; _builder_version=&#8221;4.27.4&#8243; global_colors_info=&#8221;{}&#8221;][\/et_pb_sidebar][\/et_pb_column][et_pb_column type=&#8221;3_4&#8243; specialty_columns=&#8221;3&#8243; _builder_version=&#8221;4.16&#8243; custom_padding=&#8221;|||&#8221; global_colors_info=&#8221;{}&#8221; custom_padding__hover=&#8221;|||&#8221;][et_pb_row_inner _builder_version=&#8221;4.16&#8243; global_colors_info=&#8221;{}&#8221;][et_pb_column_inner saved_specialty_column_type=&#8221;3_4&#8243; _builder_version=&#8221;4.16&#8243; custom_padding=&#8221;|||&#8221; global_colors_info=&#8221;{}&#8221; custom_padding__hover=&#8221;|||&#8221;][et_pb_text module_class=&#8221;title&#8221; _builder_version=&#8221;4.27.6&#8243; global_colors_info=&#8221;{}&#8221;]<\/p>\n<p>Leader<\/p>\n<p>[\/et_pb_text][et_pb_staff member=&#8221;7891&#8243; _builder_version=&#8221;4.27.5&#8243; global_colors_info=&#8221;{}&#8221;][\/et_pb_staff][\/et_pb_column_inner][\/et_pb_row_inner][et_pb_row_inner column_structure=&#8221;1_2,1_2&#8243; admin_label=&#8221;Wiersz&#8221; _builder_version=&#8221;4.16&#8243; global_colors_info=&#8221;{}&#8221;][et_pb_column_inner type=&#8221;1_2&#8243; saved_specialty_column_type=&#8221;3_4&#8243; _builder_version=&#8221;4.16&#8243; custom_padding=&#8221;|||&#8221; global_colors_info=&#8221;{}&#8221; custom_padding__hover=&#8221;|||&#8221;][et_pb_text admin_label=&#8221;Pracownicy&#8221; module_class=&#8221;title&#8221; _builder_version=&#8221;4.27.6&#8243; z_index_tablet=&#8221;500&#8243; global_colors_info=&#8221;{}&#8221;]<\/p>\n<p>Group members<\/p>\n<p>[\/et_pb_text][et_pb_text admin_label=&#8221;Tekst&#8221; module_class=&#8221;staff-table&#8221; _builder_version=&#8221;4.27.6&#8243; z_index_tablet=&#8221;500&#8243; global_colors_info=&#8221;{}&#8221;]<a href=\"https:\/\/ibs.bialowieza.pl\/pracownicy\/marcin-churski\/\">dr. habil. Marcin Churski<\/a><br \/>\n<a href=\"https:\/\/ibs.bialowieza.pl\/pracownicy\/tom-diserens\/\">Tom Diserens, PhD<\/a><br \/>\n<a href=\"https:\/\/ibs.bialowieza.pl\/pracownicy\/paulina-szafranska\/\">Paulina Szafra\u0144ska, PhD<\/a><br \/>\n<a href=\"https:\/\/ibs.bialowieza.pl\/pracownicy\/ewa-komar\/\">Ewa Komar, PhD<\/a><br \/>\n<a href=\"https:\/\/ibs.bialowieza.pl\/pracownicy\/jakub-witold-bubnicki\/\">Jakub Bubnicki, PhD<\/a><br \/>\n<a href=\"https:\/\/ibs.bialowieza.pl\/pracownicy\/katharina-kasper\/\">Katharina Kasper<\/a><br \/>\n<a href=\"https:\/\/ibs.bialowieza.pl\/pracownicy\/thibaud-gaudry\/\">Thibaud Gaudry<\/a><br \/>\n<a href=\"https:\/\/ibs.bialowieza.pl\/pracownicy\/cecilia-tomasulo\/\">Cecilia Tomasulo<\/a><br \/>\n<a href=\"https:\/\/ibs.bialowieza.pl\/pracownicy\/robin-wijnands\/\">Robin Wijnands<\/a><br \/>\nRoman Kozak<br \/>\nEugeniusz Bujko[\/et_pb_text][\/et_pb_column_inner][et_pb_column_inner type=&#8221;1_2&#8243; saved_specialty_column_type=&#8221;3_4&#8243; _builder_version=&#8221;4.16&#8243; custom_padding=&#8221;|||&#8221; global_colors_info=&#8221;{}&#8221; custom_padding__hover=&#8221;|||&#8221;][et_pb_text admin_label=&#8221;Osoby wsp\u00f3\u0142pracuj\u0105ce&#8221; module_class=&#8221;title&#8221; _builder_version=&#8221;4.27.5&#8243; z_index_tablet=&#8221;500&#8243; global_colors_info=&#8221;{}&#8221;]<\/p>\n<p>External collaborators<\/p>\n<p>[\/et_pb_text][et_pb_text admin_label=&#8221;Tekst&#8221; module_class=&#8221;staff-table&#8221; _builder_version=&#8221;4.27.6&#8243; hover_enabled=&#8221;0&#8243; z_index_tablet=&#8221;500&#8243; global_colors_info=&#8221;{}&#8221; sticky_enabled=&#8221;0&#8243;]Kinga St\u0119pniak (external PhD, Univ. Warsaw. Poland, Dries Kuijper 2nd promotor<br \/>\nWalter di Nicola (external PhD, University of Freiburg, Germany, Dries Kuijper 2nd promotor)<br \/>\nGabriela Lo Bue (external PhD, University of Montpellier, Marcin Churski 2nd promotor)<br \/>\nWeronika Baranowska (external PhD, Univ. Warsaw. Poland, Dries Kuijper 2nd promotor)<br \/>\nNicolas de Pelsmaeker, PhD (post-doc position finished Oct. 2025)<br \/>\nElise Say-Sallaz, PhD (post-doc position finished July 2025)[\/et_pb_text][\/et_pb_column_inner][\/et_pb_row_inner][et_pb_row_inner _builder_version=&#8221;4.27.5&#8243; _module_preset=&#8221;default&#8221; global_colors_info=&#8221;{}&#8221;][et_pb_column_inner saved_specialty_column_type=&#8221;3_4&#8243; _builder_version=&#8221;4.27.5&#8243; _module_preset=&#8221;default&#8221; global_colors_info=&#8221;{}&#8221;][et_pb_text admin_label=&#8221;Pracownicy&#8221; module_class=&#8221;title&#8221; _builder_version=&#8221;4.27.6&#8243; z_index_tablet=&#8221;500&#8243; global_colors_info=&#8221;{}&#8221;]Group description[\/et_pb_text][et_pb_text admin_label=&#8221;Tekst&#8221; module_class=&#8221;staff-table&#8221; _builder_version=&#8221;4.27.6&#8243; z_index_tablet=&#8221;500&#8243; global_colors_info=&#8221;{}&#8221;]<\/p>\n<p><strong><u>\u00a0<\/u><\/strong><strong><u>Research themes &amp; focus:<\/u><\/strong><\/p>\n<p><strong><u><br \/><\/u><\/strong>We focus on interactions between species across different trophic levels including herbivore-plant interactions, predator-prey interactions, and how disease dynamics and parasites modify these interactions. There is no focus on specific species but the processes behind the interactions is what binds us. As these trophic interactions take place in an increasingly human-dominated environment, how human activities affect or modify these trophic interactions is an important over-arching theme in all our studies. To study these interactions on a landscape-scale or fine-scale we use a variety of techniques including observational studies (especially camera trap studies) and a strong emphasis on experimental studies.<\/p>\n<p><img loading=\"lazy\" decoding=\"async\" class=\"wp-image-13800 aligncenter size-full\" src=\"https:\/\/ibs.bialowieza.pl\/en\/wp-content\/uploads\/sites\/2\/2026\/02\/A-Trophic-ecology-group.jpg\" alt=\"\" width=\"960\" height=\"720\" srcset=\"https:\/\/ibs.bialowieza.pl\/en\/wp-content\/uploads\/sites\/2\/2026\/02\/A-Trophic-ecology-group.jpg 960w, https:\/\/ibs.bialowieza.pl\/en\/wp-content\/uploads\/sites\/2\/2026\/02\/A-Trophic-ecology-group-480x360.jpg 480w\" sizes=\"(min-width: 0px) and (max-width: 480px) 480px, (min-width: 481px) 960px, 100vw\" \/><\/p>\n<p>[\/et_pb_text][\/et_pb_column_inner][\/et_pb_row_inner][et_pb_row_inner disabled_on=&#8221;on|on|on&#8221; admin_label=&#8221;Wiersz&#8221; _builder_version=&#8221;4.27.4&#8243; disabled=&#8221;on&#8221; global_colors_info=&#8221;{}&#8221;][et_pb_column_inner saved_specialty_column_type=&#8221;3_4&#8243; _builder_version=&#8221;4.16&#8243; custom_padding=&#8221;|||&#8221; global_colors_info=&#8221;{}&#8221; custom_padding__hover=&#8221;|||&#8221;][et_pb_text module_class=&#8221;title&#8221; _builder_version=&#8221;4.27.4&#8243; global_colors_info=&#8221;{}&#8221;]<\/p>\n<p>O grupie<\/p>\n<p>[\/et_pb_text][et_pb_text _builder_version=&#8221;4.27.4&#8243; z_index_tablet=&#8221;500&#8243; global_colors_info=&#8221;{}&#8221;][\/et_pb_text][\/et_pb_column_inner][\/et_pb_row_inner][\/et_pb_column][\/et_pb_section]<\/p>\n","protected":false},"excerpt":{"rendered":"<p>LeaderGroup membersdr. habil. Marcin Churski Tom Diserens, PhD Paulina Szafra\u0144ska, PhD Ewa Komar, PhD Jakub Bubnicki, PhD Katharina Kasper Thibaud Gaudry Cecilia Tomasulo Robin Wijnands Roman Kozak Eugeniusz BujkoExternal collaboratorsKinga St\u0119pniak (external PhD, Univ. Warsaw. Poland, Dries Kuijper 2nd promotor Walter di Nicola (external PhD, University of Freiburg, Germany, Dries Kuijper 2nd promotor) Gabriela Lo [&hellip;]<\/p>\n","protected":false},"author":4,"featured_media":0,"parent":9687,"menu_order":0,"comment_status":"closed","ping_status":"closed","template":"","meta":{"_et_pb_use_builder":"on","_et_pb_old_content":"","_et_gb_content_width":"","footnotes":""},"class_list":["post-13718","page","type-page","status-publish","hentry"],"yoast_head":"<!-- This site is optimized with the Yoast SEO plugin v27.4 - https:\/\/yoast.com\/product\/yoast-seo-wordpress\/ -->\n<title>Trophic Ecology Group - Mammal Research Institute<\/title>\n<meta name=\"robots\" content=\"index, follow, max-snippet:-1, max-image-preview:large, max-video-preview:-1\" \/>\n<link rel=\"canonical\" href=\"https:\/\/ibs.bialowieza.pl\/en\/research-groups\/trophic-ecology-group\/\" \/>\n<meta property=\"og:locale\" content=\"en_US\" \/>\n<meta property=\"og:type\" content=\"article\" \/>\n<meta property=\"og:title\" content=\"Trophic Ecology Group - Mammal Research Institute\" \/>\n<meta property=\"og:description\" content=\"LeaderGroup membersdr. habil. Marcin Churski Tom Diserens, PhD Paulina Szafra\u0144ska, PhD Ewa Komar, PhD Jakub Bubnicki, PhD Katharina Kasper Thibaud Gaudry Cecilia Tomasulo Robin Wijnands Roman Kozak Eugeniusz BujkoExternal collaboratorsKinga St\u0119pniak (external PhD, Univ. Warsaw. Poland, Dries Kuijper 2nd promotor Walter di Nicola (external PhD, University of Freiburg, Germany, Dries Kuijper 2nd promotor) Gabriela Lo [&hellip;]\" \/>\n<meta property=\"og:url\" content=\"https:\/\/ibs.bialowieza.pl\/en\/research-groups\/trophic-ecology-group\/\" \/>\n<meta property=\"og:site_name\" content=\"Mammal Research Institute\" \/>\n<meta property=\"article:modified_time\" content=\"2026-03-23T08:26:57+00:00\" \/>\n<meta property=\"og:image\" content=\"https:\/\/ibs.bialowieza.pl\/en\/wp-content\/uploads\/sites\/2\/2026\/02\/A-Trophic-ecology-group.jpg\" \/>\n<meta name=\"twitter:card\" content=\"summary_large_image\" \/>\n<meta name=\"twitter:label1\" content=\"Est. reading time\" \/>\n\t<meta name=\"twitter:data1\" content=\"2 minutes\" \/>\n<script type=\"application\/ld+json\" class=\"yoast-schema-graph\">{\"@context\":\"https:\\\/\\\/schema.org\",\"@graph\":[{\"@type\":\"WebPage\",\"@id\":\"https:\\\/\\\/ibs.bialowieza.pl\\\/en\\\/research-groups\\\/trophic-ecology-group\\\/\",\"url\":\"https:\\\/\\\/ibs.bialowieza.pl\\\/en\\\/research-groups\\\/trophic-ecology-group\\\/\",\"name\":\"Trophic Ecology Group - Mammal Research Institute\",\"isPartOf\":{\"@id\":\"https:\\\/\\\/ibs.bialowieza.pl\\\/en\\\/#website\"},\"primaryImageOfPage\":{\"@id\":\"https:\\\/\\\/ibs.bialowieza.pl\\\/en\\\/research-groups\\\/trophic-ecology-group\\\/#primaryimage\"},\"image\":{\"@id\":\"https:\\\/\\\/ibs.bialowieza.pl\\\/en\\\/research-groups\\\/trophic-ecology-group\\\/#primaryimage\"},\"thumbnailUrl\":\"https:\\\/\\\/ibs.bialowieza.pl\\\/en\\\/wp-content\\\/uploads\\\/sites\\\/2\\\/2026\\\/02\\\/A-Trophic-ecology-group.jpg\",\"datePublished\":\"2026-01-27T07:55:14+00:00\",\"dateModified\":\"2026-03-23T08:26:57+00:00\",\"breadcrumb\":{\"@id\":\"https:\\\/\\\/ibs.bialowieza.pl\\\/en\\\/research-groups\\\/trophic-ecology-group\\\/#breadcrumb\"},\"inLanguage\":\"en-US\",\"potentialAction\":[{\"@type\":\"ReadAction\",\"target\":[\"https:\\\/\\\/ibs.bialowieza.pl\\\/en\\\/research-groups\\\/trophic-ecology-group\\\/\"]}]},{\"@type\":\"ImageObject\",\"inLanguage\":\"en-US\",\"@id\":\"https:\\\/\\\/ibs.bialowieza.pl\\\/en\\\/research-groups\\\/trophic-ecology-group\\\/#primaryimage\",\"url\":\"https:\\\/\\\/ibs.bialowieza.pl\\\/en\\\/wp-content\\\/uploads\\\/sites\\\/2\\\/2026\\\/02\\\/A-Trophic-ecology-group.jpg\",\"contentUrl\":\"https:\\\/\\\/ibs.bialowieza.pl\\\/en\\\/wp-content\\\/uploads\\\/sites\\\/2\\\/2026\\\/02\\\/A-Trophic-ecology-group.jpg\",\"width\":960,\"height\":720},{\"@type\":\"BreadcrumbList\",\"@id\":\"https:\\\/\\\/ibs.bialowieza.pl\\\/en\\\/research-groups\\\/trophic-ecology-group\\\/#breadcrumb\",\"itemListElement\":[{\"@type\":\"ListItem\",\"position\":1,\"name\":\"Homepage\",\"item\":\"https:\\\/\\\/ibs.bialowieza.pl\\\/en\\\/\"},{\"@type\":\"ListItem\",\"position\":2,\"name\":\"Research Groups\",\"item\":\"https:\\\/\\\/ibs.bialowieza.pl\\\/en\\\/research-groups\\\/\"},{\"@type\":\"ListItem\",\"position\":3,\"name\":\"Trophic Ecology Group\"}]},{\"@type\":\"WebSite\",\"@id\":\"https:\\\/\\\/ibs.bialowieza.pl\\\/en\\\/#website\",\"url\":\"https:\\\/\\\/ibs.bialowieza.pl\\\/en\\\/\",\"name\":\"Mammal Research Institute\",\"description\":\"Mammal Research Institute\",\"potentialAction\":[{\"@type\":\"SearchAction\",\"target\":{\"@type\":\"EntryPoint\",\"urlTemplate\":\"https:\\\/\\\/ibs.bialowieza.pl\\\/en\\\/?s={search_term_string}\"},\"query-input\":{\"@type\":\"PropertyValueSpecification\",\"valueRequired\":true,\"valueName\":\"search_term_string\"}}],\"inLanguage\":\"en-US\"}]}<\/script>\n<!-- \/ Yoast SEO plugin. -->","yoast_head_json":{"title":"Trophic Ecology Group - Mammal Research Institute","robots":{"index":"index","follow":"follow","max-snippet":"max-snippet:-1","max-image-preview":"max-image-preview:large","max-video-preview":"max-video-preview:-1"},"canonical":"https:\/\/ibs.bialowieza.pl\/en\/research-groups\/trophic-ecology-group\/","og_locale":"en_US","og_type":"article","og_title":"Trophic Ecology Group - Mammal Research Institute","og_description":"LeaderGroup membersdr. habil. Marcin Churski Tom Diserens, PhD Paulina Szafra\u0144ska, PhD Ewa Komar, PhD Jakub Bubnicki, PhD Katharina Kasper Thibaud Gaudry Cecilia Tomasulo Robin Wijnands Roman Kozak Eugeniusz BujkoExternal collaboratorsKinga St\u0119pniak (external PhD, Univ. Warsaw. Poland, Dries Kuijper 2nd promotor Walter di Nicola (external PhD, University of Freiburg, Germany, Dries Kuijper 2nd promotor) Gabriela Lo [&hellip;]","og_url":"https:\/\/ibs.bialowieza.pl\/en\/research-groups\/trophic-ecology-group\/","og_site_name":"Mammal Research Institute","article_modified_time":"2026-03-23T08:26:57+00:00","og_image":[{"url":"https:\/\/ibs.bialowieza.pl\/en\/wp-content\/uploads\/sites\/2\/2026\/02\/A-Trophic-ecology-group.jpg","type":"","width":"","height":""}],"twitter_card":"summary_large_image","twitter_misc":{"Est. reading time":"2 minutes"},"schema":{"@context":"https:\/\/schema.org","@graph":[{"@type":"WebPage","@id":"https:\/\/ibs.bialowieza.pl\/en\/research-groups\/trophic-ecology-group\/","url":"https:\/\/ibs.bialowieza.pl\/en\/research-groups\/trophic-ecology-group\/","name":"Trophic Ecology Group - Mammal Research Institute","isPartOf":{"@id":"https:\/\/ibs.bialowieza.pl\/en\/#website"},"primaryImageOfPage":{"@id":"https:\/\/ibs.bialowieza.pl\/en\/research-groups\/trophic-ecology-group\/#primaryimage"},"image":{"@id":"https:\/\/ibs.bialowieza.pl\/en\/research-groups\/trophic-ecology-group\/#primaryimage"},"thumbnailUrl":"https:\/\/ibs.bialowieza.pl\/en\/wp-content\/uploads\/sites\/2\/2026\/02\/A-Trophic-ecology-group.jpg","datePublished":"2026-01-27T07:55:14+00:00","dateModified":"2026-03-23T08:26:57+00:00","breadcrumb":{"@id":"https:\/\/ibs.bialowieza.pl\/en\/research-groups\/trophic-ecology-group\/#breadcrumb"},"inLanguage":"en-US","potentialAction":[{"@type":"ReadAction","target":["https:\/\/ibs.bialowieza.pl\/en\/research-groups\/trophic-ecology-group\/"]}]},{"@type":"ImageObject","inLanguage":"en-US","@id":"https:\/\/ibs.bialowieza.pl\/en\/research-groups\/trophic-ecology-group\/#primaryimage","url":"https:\/\/ibs.bialowieza.pl\/en\/wp-content\/uploads\/sites\/2\/2026\/02\/A-Trophic-ecology-group.jpg","contentUrl":"https:\/\/ibs.bialowieza.pl\/en\/wp-content\/uploads\/sites\/2\/2026\/02\/A-Trophic-ecology-group.jpg","width":960,"height":720},{"@type":"BreadcrumbList","@id":"https:\/\/ibs.bialowieza.pl\/en\/research-groups\/trophic-ecology-group\/#breadcrumb","itemListElement":[{"@type":"ListItem","position":1,"name":"Homepage","item":"https:\/\/ibs.bialowieza.pl\/en\/"},{"@type":"ListItem","position":2,"name":"Research Groups","item":"https:\/\/ibs.bialowieza.pl\/en\/research-groups\/"},{"@type":"ListItem","position":3,"name":"Trophic Ecology Group"}]},{"@type":"WebSite","@id":"https:\/\/ibs.bialowieza.pl\/en\/#website","url":"https:\/\/ibs.bialowieza.pl\/en\/","name":"Mammal Research Institute","description":"Mammal Research Institute","potentialAction":[{"@type":"SearchAction","target":{"@type":"EntryPoint","urlTemplate":"https:\/\/ibs.bialowieza.pl\/en\/?s={search_term_string}"},"query-input":{"@type":"PropertyValueSpecification","valueRequired":true,"valueName":"search_term_string"}}],"inLanguage":"en-US"}]}},"_links":{"self":[{"href":"https:\/\/ibs.bialowieza.pl\/en\/wp-json\/wp\/v2\/pages\/13718","targetHints":{"allow":["GET"]}}],"collection":[{"href":"https:\/\/ibs.bialowieza.pl\/en\/wp-json\/wp\/v2\/pages"}],"about":[{"href":"https:\/\/ibs.bialowieza.pl\/en\/wp-json\/wp\/v2\/types\/page"}],"author":[{"embeddable":true,"href":"https:\/\/ibs.bialowieza.pl\/en\/wp-json\/wp\/v2\/users\/4"}],"replies":[{"embeddable":true,"href":"https:\/\/ibs.bialowieza.pl\/en\/wp-json\/wp\/v2\/comments?post=13718"}],"version-history":[{"count":13,"href":"https:\/\/ibs.bialowieza.pl\/en\/wp-json\/wp\/v2\/pages\/13718\/revisions"}],"predecessor-version":[{"id":14017,"href":"https:\/\/ibs.bialowieza.pl\/en\/wp-json\/wp\/v2\/pages\/13718\/revisions\/14017"}],"up":[{"embeddable":true,"href":"https:\/\/ibs.bialowieza.pl\/en\/wp-json\/wp\/v2\/pages\/9687"}],"wp:attachment":[{"href":"https:\/\/ibs.bialowieza.pl\/en\/wp-json\/wp\/v2\/media?parent=13718"}],"curies":[{"name":"wp","href":"https:\/\/api.w.org\/{rel}","templated":true}]}}