{"id":7833,"date":"2019-04-08T10:30:26","date_gmt":"2019-04-08T08:30:26","guid":{"rendered":"http:\/\/10.9.100.150.dyndns.koba.pl\/ibsbialowieza\/en\/?page_id=7833"},"modified":"2019-05-17T15:29:47","modified_gmt":"2019-05-17T13:29:47","slug":"journal-mammal-research","status":"publish","type":"page","link":"https:\/\/ibs.bialowieza.pl\/en\/journal-mammal-research\/","title":{"rendered":"Journal Mammal Research"},"content":{"rendered":"<p>[et_pb_section bb_built=&#8221;1&#8243; fullwidth=&#8221;off&#8221; specialty=&#8221;on&#8221; _builder_version=&#8221;3.19.18&#8243; inner_width=&#8221;auto&#8221; inner_max_width=&#8221;none&#8221;][et_pb_column type=&#8221;1_4&#8243;][et_pb_sidebar _builder_version=&#8221;3.19.18&#8243; area=&#8221;et_pb_widget_area_2&#8243; show_border=&#8221;off&#8221; \/][\/et_pb_column][et_pb_column type=&#8221;3_4&#8243; specialty_columns=&#8221;3&#8243;][et_pb_row_inner admin_label=&#8221;Wiersz&#8221;][et_pb_column_inner type=&#8221;4_4&#8243; saved_specialty_column_type=&#8221;3_4&#8243;][et_pb_text _builder_version=&#8221;3.22.4&#8243; text_text_shadow_horizontal_length=&#8221;text_text_shadow_style,%91object Object%93&#8243; text_text_shadow_vertical_length=&#8221;text_text_shadow_style,%91object Object%93&#8243; text_text_shadow_blur_strength=&#8221;text_text_shadow_style,%91object Object%93&#8243; link_text_shadow_horizontal_length=&#8221;link_text_shadow_style,%91object Object%93&#8243; link_text_shadow_vertical_length=&#8221;link_text_shadow_style,%91object Object%93&#8243; link_text_shadow_blur_strength=&#8221;link_text_shadow_style,%91object Object%93&#8243; ul_text_shadow_horizontal_length=&#8221;ul_text_shadow_style,%91object Object%93&#8243; ul_text_shadow_vertical_length=&#8221;ul_text_shadow_style,%91object Object%93&#8243; ul_text_shadow_blur_strength=&#8221;ul_text_shadow_style,%91object Object%93&#8243; ol_text_shadow_horizontal_length=&#8221;ol_text_shadow_style,%91object Object%93&#8243; ol_text_shadow_vertical_length=&#8221;ol_text_shadow_style,%91object Object%93&#8243; ol_text_shadow_blur_strength=&#8221;ol_text_shadow_style,%91object Object%93&#8243; quote_text_shadow_horizontal_length=&#8221;quote_text_shadow_style,%91object Object%93&#8243; quote_text_shadow_vertical_length=&#8221;quote_text_shadow_style,%91object Object%93&#8243; quote_text_shadow_blur_strength=&#8221;quote_text_shadow_style,%91object Object%93&#8243; header_text_shadow_horizontal_length=&#8221;header_text_shadow_style,%91object Object%93&#8243; header_text_shadow_vertical_length=&#8221;header_text_shadow_style,%91object Object%93&#8243; header_text_shadow_blur_strength=&#8221;header_text_shadow_style,%91object Object%93&#8243; header_2_text_shadow_horizontal_length=&#8221;header_2_text_shadow_style,%91object Object%93&#8243; header_2_text_shadow_vertical_length=&#8221;header_2_text_shadow_style,%91object Object%93&#8243; header_2_text_shadow_blur_strength=&#8221;header_2_text_shadow_style,%91object Object%93&#8243; header_3_text_shadow_horizontal_length=&#8221;header_3_text_shadow_style,%91object Object%93&#8243; header_3_text_shadow_vertical_length=&#8221;header_3_text_shadow_style,%91object Object%93&#8243; header_3_text_shadow_blur_strength=&#8221;header_3_text_shadow_style,%91object Object%93&#8243; header_4_text_shadow_horizontal_length=&#8221;header_4_text_shadow_style,%91object Object%93&#8243; header_4_text_shadow_vertical_length=&#8221;header_4_text_shadow_style,%91object Object%93&#8243; header_4_text_shadow_blur_strength=&#8221;header_4_text_shadow_style,%91object Object%93&#8243; header_5_text_shadow_horizontal_length=&#8221;header_5_text_shadow_style,%91object Object%93&#8243; header_5_text_shadow_vertical_length=&#8221;header_5_text_shadow_style,%91object Object%93&#8243; header_5_text_shadow_blur_strength=&#8221;header_5_text_shadow_style,%91object Object%93&#8243; header_6_text_shadow_horizontal_length=&#8221;header_6_text_shadow_style,%91object Object%93&#8243; header_6_text_shadow_vertical_length=&#8221;header_6_text_shadow_style,%91object Object%93&#8243; header_6_text_shadow_blur_strength=&#8221;header_6_text_shadow_style,%91object Object%93&#8243; z_index_tablet=&#8221;500&#8243;]<\/p>\n<p><strong><a href=\"https:\/\/ibs.bialowieza.pl\/en\/wp-content\/uploads\/sites\/2\/2019\/04\/fe457dd3b9b22d3305db31442d096be4.jpg\"><img decoding=\"async\" class=\"alignleft size-full\" style=\"max-width: 40%;\" src=\"https:\/\/ibs.bialowieza.pl\/en\/wp-content\/uploads\/sites\/2\/2019\/04\/fe457dd3b9b22d3305db31442d096be4.jpg\"><\/a><em>Mammal Research<\/em><\/strong>&nbsp;is an international peer-reviewed journal published on behalf of the Mammal Research Institute by <strong>Springer.<\/strong>.<\/p>\n<p>Please visit <a href=\"http:\/\/www.springerlink.com\/content\/0001-7051\/\" rel=\"nofollow\">SpringeLink<\/a> for volumes since 2001. For archive volumes (1955-2000), please visit <a href=\"http:\/\/rcin.org.pl\/dlibra\/publication?id=2613&amp;from=pubindex&amp;dirids=66&amp;tab=1&amp;lp=2\" rel=\"nofollow\">RCIN<\/a> and use a link below the shrew.<\/p>\n<p>The first issue of the journal under the name Acta Theriologica was published in January 1955, thus this year we are celebrating 60th anniversary of foundation of our journal (<a href=\"http:\/\/link.springer.com\/article\/10.1007\/s13364-014-0206-9\/fulltext.html\" rel=\"nofollow\">read more&#8230;<\/a>)<\/p>\n<p><strong><em>Mammal Research<\/em><\/strong> is one of the leading journals dedicated to mammal research, covering all aspects of mammalian biology: genetics, ecology, behaviour, bioenergetics, morphology, development, reproduction, nutrition, physiology, paleontology and evolution.<\/p>\n<p>The University of Warsaw, acting on behalf of the Polish Ministry of Science and Higher Education, and Springer reached an agreement in which the <strong>open access fees are covered for authors at Polish institutions<\/strong> from May 2010 onwards. Publishing open access makes your work immediately and permanently available online for everyone, everywhere.<\/p>\n<p>You can submit your manuscript to the journal through <a rel=\"nofollow\" href=\"https:\/\/www.editorialmanager.com\/acth\/\">Springer&#8217;s editorial manager<\/a>.<\/p>\n<p>[\/et_pb_text][\/et_pb_column_inner][\/et_pb_row_inner][et_pb_row_inner admin_label=&#8221;Wiersz&#8221;][et_pb_column_inner type=&#8221;4_4&#8243; saved_specialty_column_type=&#8221;3_4&#8243;][et_pb_text _builder_version=&#8221;3.19.18&#8243;]<\/p>\n<p>Aktualne numery czasopisma (od 2001 roku) s\u0105 dost\u0119pne w\u00a0<a href=\"http:\/\/www.springerlink.com\/content\/0001-7051\/\">SpringeLink<\/a>. Numery archiwalne (1955-2000) s\u0105 dost\u0119pne bezp\u0142atnie w\u00a0<a href=\"http:\/\/rcin.org.pl\/dlibra\/publication?id=2613&amp;from=pubindex&amp;dirids=66&amp;tab=1&amp;lp=1\">RCIN<\/a>\u00a0(link pod logo z ryj\u00f3wk\u0105).<\/p>\n<p>[\/et_pb_text][\/et_pb_column_inner][\/et_pb_row_inner][et_pb_row_inner admin_label=&#8221;Wiersz&#8221;][et_pb_column_inner type=&#8221;4_4&#8243; saved_specialty_column_type=&#8221;3_4&#8243;][et_pb_divider _builder_version=&#8221;3.19.18&#8243; color=&#8221;#ebeced&#8221; height=&#8221;1px&#8221; \/][\/et_pb_column_inner][\/et_pb_row_inner][et_pb_row_inner admin_label=&#8221;Wiersz&#8221;][et_pb_column_inner type=&#8221;4_4&#8243; saved_specialty_column_type=&#8221;3_4&#8243;][et_pb_text _builder_version=&#8221;3.19.18&#8243;]<\/p>\n<p>\nZach\u0119camy gor\u0105co do publikowania artyku\u0142\u00f3w, zar\u00f3wno prac oryginalnych jak i przegl\u0105dowych, w\u00a0<em><strong>Mammal Researc<\/strong><\/em><strong><em>h<\/em><\/strong>. W chwili obecnej autorzy z Polski maj\u0105 mo\u017cliwo\u015b\u0107\u00a0<strong>nieodp\u0142atnego publikowania w wydawnictwach Springera w systemie Open Access<\/strong>, dzi\u0119ki czemu prace staj\u0105 si\u0119 dost\u0119pne wsz\u0119dzie i dla wszystkich.<\/p>\n<p>Prace mo\u017cna sk\u0142ada\u0107 poprzez\u00a0<a href=\"http:\/\/www.springer.com\/life+sciences\/animal+sciences\/journal\/13364\" target=\"_blank\" rel=\"noopener noreferrer\">system redakcyjny wydawnictwa Springer<\/a>.<\/p>\n<p>[\/et_pb_text][\/et_pb_column_inner][\/et_pb_row_inner][\/et_pb_column][\/et_pb_section]<\/p>\n","protected":false},"excerpt":{"rendered":"<p>Mammal Research&nbsp;is an international peer-reviewed journal published on behalf of the Mammal Research Institute by Springer.. Please visit SpringeLink for volumes since 2001. For archive volumes (1955-2000), please visit RCIN and use a link below the shrew. The first issue of the journal under the name Acta Theriologica was published in January 1955, thus this [&hellip;]<\/p>\n","protected":false},"author":1,"featured_media":0,"parent":0,"menu_order":0,"comment_status":"closed","ping_status":"closed","template":"","meta":{"_et_pb_use_builder":"on","_et_pb_old_content":"","_et_gb_content_width":"","footnotes":""},"class_list":["post-7833","page","type-page","status-publish","hentry"],"yoast_head":"<!-- This site is optimized with the Yoast SEO plugin v27.4 - https:\/\/yoast.com\/product\/yoast-seo-wordpress\/ -->\n<title>Journal Mammal Research - Mammal Research Institute<\/title>\n<meta name=\"robots\" content=\"index, follow, max-snippet:-1, max-image-preview:large, max-video-preview:-1\" \/>\n<link rel=\"canonical\" href=\"https:\/\/ibs.bialowieza.pl\/en\/journal-mammal-research\/\" \/>\n<meta property=\"og:locale\" content=\"en_US\" \/>\n<meta property=\"og:type\" content=\"article\" \/>\n<meta property=\"og:title\" content=\"Journal Mammal Research - Mammal Research Institute\" \/>\n<meta property=\"og:description\" content=\"Mammal Research&nbsp;is an international peer-reviewed journal published on behalf of the Mammal Research Institute by Springer.. Please visit SpringeLink for volumes since 2001. For archive volumes (1955-2000), please visit RCIN and use a link below the shrew. The first issue of the journal under the name Acta Theriologica was published in January 1955, thus this [&hellip;]\" \/>\n<meta property=\"og:url\" content=\"https:\/\/ibs.bialowieza.pl\/en\/journal-mammal-research\/\" \/>\n<meta property=\"og:site_name\" content=\"Mammal Research Institute\" \/>\n<meta property=\"article:modified_time\" content=\"2019-05-17T13:29:47+00:00\" \/>\n<meta property=\"og:image\" content=\"https:\/\/ibs.bialowieza.pl\/en\/wp-content\/uploads\/sites\/2\/2019\/04\/fe457dd3b9b22d3305db31442d096be4.jpg\" \/>\n<meta name=\"twitter:card\" content=\"summary_large_image\" \/>\n<meta name=\"twitter:label1\" content=\"Est. reading time\" \/>\n\t<meta name=\"twitter:data1\" content=\"4 minutes\" \/>\n<script type=\"application\/ld+json\" class=\"yoast-schema-graph\">{\"@context\":\"https:\\\/\\\/schema.org\",\"@graph\":[{\"@type\":\"WebPage\",\"@id\":\"https:\\\/\\\/ibs.bialowieza.pl\\\/en\\\/journal-mammal-research\\\/\",\"url\":\"https:\\\/\\\/ibs.bialowieza.pl\\\/en\\\/journal-mammal-research\\\/\",\"name\":\"Journal Mammal Research - Mammal Research Institute\",\"isPartOf\":{\"@id\":\"https:\\\/\\\/ibs.bialowieza.pl\\\/en\\\/#website\"},\"primaryImageOfPage\":{\"@id\":\"https:\\\/\\\/ibs.bialowieza.pl\\\/en\\\/journal-mammal-research\\\/#primaryimage\"},\"image\":{\"@id\":\"https:\\\/\\\/ibs.bialowieza.pl\\\/en\\\/journal-mammal-research\\\/#primaryimage\"},\"thumbnailUrl\":\"https:\\\/\\\/ibs.bialowieza.pl\\\/en\\\/wp-content\\\/uploads\\\/sites\\\/2\\\/2019\\\/04\\\/fe457dd3b9b22d3305db31442d096be4.jpg\",\"datePublished\":\"2019-04-08T08:30:26+00:00\",\"dateModified\":\"2019-05-17T13:29:47+00:00\",\"breadcrumb\":{\"@id\":\"https:\\\/\\\/ibs.bialowieza.pl\\\/en\\\/journal-mammal-research\\\/#breadcrumb\"},\"inLanguage\":\"en-US\",\"potentialAction\":[{\"@type\":\"ReadAction\",\"target\":[\"https:\\\/\\\/ibs.bialowieza.pl\\\/en\\\/journal-mammal-research\\\/\"]}]},{\"@type\":\"ImageObject\",\"inLanguage\":\"en-US\",\"@id\":\"https:\\\/\\\/ibs.bialowieza.pl\\\/en\\\/journal-mammal-research\\\/#primaryimage\",\"url\":\"https:\\\/\\\/ibs.bialowieza.pl\\\/en\\\/wp-content\\\/uploads\\\/sites\\\/2\\\/2019\\\/04\\\/fe457dd3b9b22d3305db31442d096be4.jpg\",\"contentUrl\":\"https:\\\/\\\/ibs.bialowieza.pl\\\/en\\\/wp-content\\\/uploads\\\/sites\\\/2\\\/2019\\\/04\\\/fe457dd3b9b22d3305db31442d096be4.jpg\"},{\"@type\":\"BreadcrumbList\",\"@id\":\"https:\\\/\\\/ibs.bialowieza.pl\\\/en\\\/journal-mammal-research\\\/#breadcrumb\",\"itemListElement\":[{\"@type\":\"ListItem\",\"position\":1,\"name\":\"Homepage\",\"item\":\"https:\\\/\\\/ibs.bialowieza.pl\\\/en\\\/\"},{\"@type\":\"ListItem\",\"position\":2,\"name\":\"Journal Mammal Research\"}]},{\"@type\":\"WebSite\",\"@id\":\"https:\\\/\\\/ibs.bialowieza.pl\\\/en\\\/#website\",\"url\":\"https:\\\/\\\/ibs.bialowieza.pl\\\/en\\\/\",\"name\":\"Mammal Research Institute\",\"description\":\"Mammal Research Institute\",\"potentialAction\":[{\"@type\":\"SearchAction\",\"target\":{\"@type\":\"EntryPoint\",\"urlTemplate\":\"https:\\\/\\\/ibs.bialowieza.pl\\\/en\\\/?s={search_term_string}\"},\"query-input\":{\"@type\":\"PropertyValueSpecification\",\"valueRequired\":true,\"valueName\":\"search_term_string\"}}],\"inLanguage\":\"en-US\"}]}<\/script>\n<!-- \/ Yoast SEO plugin. -->","yoast_head_json":{"title":"Journal Mammal Research - Mammal Research Institute","robots":{"index":"index","follow":"follow","max-snippet":"max-snippet:-1","max-image-preview":"max-image-preview:large","max-video-preview":"max-video-preview:-1"},"canonical":"https:\/\/ibs.bialowieza.pl\/en\/journal-mammal-research\/","og_locale":"en_US","og_type":"article","og_title":"Journal Mammal Research - Mammal Research Institute","og_description":"Mammal Research&nbsp;is an international peer-reviewed journal published on behalf of the Mammal Research Institute by Springer.. Please visit SpringeLink for volumes since 2001. For archive volumes (1955-2000), please visit RCIN and use a link below the shrew. The first issue of the journal under the name Acta Theriologica was published in January 1955, thus this [&hellip;]","og_url":"https:\/\/ibs.bialowieza.pl\/en\/journal-mammal-research\/","og_site_name":"Mammal Research Institute","article_modified_time":"2019-05-17T13:29:47+00:00","og_image":[{"url":"https:\/\/ibs.bialowieza.pl\/en\/wp-content\/uploads\/sites\/2\/2019\/04\/fe457dd3b9b22d3305db31442d096be4.jpg","type":"","width":"","height":""}],"twitter_card":"summary_large_image","twitter_misc":{"Est. reading time":"4 minutes"},"schema":{"@context":"https:\/\/schema.org","@graph":[{"@type":"WebPage","@id":"https:\/\/ibs.bialowieza.pl\/en\/journal-mammal-research\/","url":"https:\/\/ibs.bialowieza.pl\/en\/journal-mammal-research\/","name":"Journal Mammal Research - Mammal Research Institute","isPartOf":{"@id":"https:\/\/ibs.bialowieza.pl\/en\/#website"},"primaryImageOfPage":{"@id":"https:\/\/ibs.bialowieza.pl\/en\/journal-mammal-research\/#primaryimage"},"image":{"@id":"https:\/\/ibs.bialowieza.pl\/en\/journal-mammal-research\/#primaryimage"},"thumbnailUrl":"https:\/\/ibs.bialowieza.pl\/en\/wp-content\/uploads\/sites\/2\/2019\/04\/fe457dd3b9b22d3305db31442d096be4.jpg","datePublished":"2019-04-08T08:30:26+00:00","dateModified":"2019-05-17T13:29:47+00:00","breadcrumb":{"@id":"https:\/\/ibs.bialowieza.pl\/en\/journal-mammal-research\/#breadcrumb"},"inLanguage":"en-US","potentialAction":[{"@type":"ReadAction","target":["https:\/\/ibs.bialowieza.pl\/en\/journal-mammal-research\/"]}]},{"@type":"ImageObject","inLanguage":"en-US","@id":"https:\/\/ibs.bialowieza.pl\/en\/journal-mammal-research\/#primaryimage","url":"https:\/\/ibs.bialowieza.pl\/en\/wp-content\/uploads\/sites\/2\/2019\/04\/fe457dd3b9b22d3305db31442d096be4.jpg","contentUrl":"https:\/\/ibs.bialowieza.pl\/en\/wp-content\/uploads\/sites\/2\/2019\/04\/fe457dd3b9b22d3305db31442d096be4.jpg"},{"@type":"BreadcrumbList","@id":"https:\/\/ibs.bialowieza.pl\/en\/journal-mammal-research\/#breadcrumb","itemListElement":[{"@type":"ListItem","position":1,"name":"Homepage","item":"https:\/\/ibs.bialowieza.pl\/en\/"},{"@type":"ListItem","position":2,"name":"Journal Mammal Research"}]},{"@type":"WebSite","@id":"https:\/\/ibs.bialowieza.pl\/en\/#website","url":"https:\/\/ibs.bialowieza.pl\/en\/","name":"Mammal Research Institute","description":"Mammal Research Institute","potentialAction":[{"@type":"SearchAction","target":{"@type":"EntryPoint","urlTemplate":"https:\/\/ibs.bialowieza.pl\/en\/?s={search_term_string}"},"query-input":{"@type":"PropertyValueSpecification","valueRequired":true,"valueName":"search_term_string"}}],"inLanguage":"en-US"}]}},"_links":{"self":[{"href":"https:\/\/ibs.bialowieza.pl\/en\/wp-json\/wp\/v2\/pages\/7833","targetHints":{"allow":["GET"]}}],"collection":[{"href":"https:\/\/ibs.bialowieza.pl\/en\/wp-json\/wp\/v2\/pages"}],"about":[{"href":"https:\/\/ibs.bialowieza.pl\/en\/wp-json\/wp\/v2\/types\/page"}],"author":[{"embeddable":true,"href":"https:\/\/ibs.bialowieza.pl\/en\/wp-json\/wp\/v2\/users\/1"}],"replies":[{"embeddable":true,"href":"https:\/\/ibs.bialowieza.pl\/en\/wp-json\/wp\/v2\/comments?post=7833"}],"version-history":[{"count":5,"href":"https:\/\/ibs.bialowieza.pl\/en\/wp-json\/wp\/v2\/pages\/7833\/revisions"}],"predecessor-version":[{"id":8415,"href":"https:\/\/ibs.bialowieza.pl\/en\/wp-json\/wp\/v2\/pages\/7833\/revisions\/8415"}],"wp:attachment":[{"href":"https:\/\/ibs.bialowieza.pl\/en\/wp-json\/wp\/v2\/media?parent=7833"}],"curies":[{"name":"wp","href":"https:\/\/api.w.org\/{rel}","templated":true}]}}