{"id":7879,"date":"2019-04-09T08:45:31","date_gmt":"2019-04-09T06:45:31","guid":{"rendered":"http:\/\/10.9.100.150.dyndns.koba.pl\/ibsbialowieza\/en\/?page_id=7879"},"modified":"2024-04-18T09:38:52","modified_gmt":"2024-04-18T07:38:52","slug":"scientific-collection","status":"publish","type":"page","link":"https:\/\/ibs.bialowieza.pl\/en\/scientific-collection\/","title":{"rendered":"Scientific Collection"},"content":{"rendered":"<p>[et_pb_section bb_built=&#8221;1&#8243; fullwidth=&#8221;off&#8221; specialty=&#8221;on&#8221; _builder_version=&#8221;3.19.18&#8243; inner_width=&#8221;auto&#8221; inner_max_width=&#8221;1080px&#8221;][et_pb_column type=&#8221;1_4&#8243;][et_pb_sidebar _builder_version=&#8221;3.19.18&#8243; area=&#8221;et_pb_widget_area_2&#8243; show_border=&#8221;off&#8221; \/][\/et_pb_column][et_pb_column type=&#8221;3_4&#8243; specialty_columns=&#8221;3&#8243;][et_pb_row_inner admin_label=&#8221;Wiersz&#8221;][et_pb_column_inner type=&#8221;4_4&#8243; saved_specialty_column_type=&#8221;3_4&#8243; custom_padding__hover=&#8221;|||&#8221; custom_padding=&#8221;|||&#8221; saved_specialty_column_type=&#8221;3_4&#8243;][et_pb_text admin_label=&#8221;Tytu\u0142&#8221; _builder_version=&#8221;3.19.18&#8243; module_class=&#8221;title&#8221; saved_tabs=&#8221;all&#8221; text_orientation=&#8221;left&#8221;]<\/p>\n<p>Zoological collection of the Mammal Research Institute PAS<\/p>\n<p>[\/et_pb_text][et_pb_text _builder_version=&#8221;4.24.3&#8243; text_text_shadow_horizontal_length=&#8221;text_text_shadow_style,%91object Object%93&#8243; text_text_shadow_horizontal_length_tablet=&#8221;0px&#8221; text_text_shadow_vertical_length=&#8221;text_text_shadow_style,%91object Object%93&#8243; text_text_shadow_vertical_length_tablet=&#8221;0px&#8221; text_text_shadow_blur_strength=&#8221;text_text_shadow_style,%91object Object%93&#8243; text_text_shadow_blur_strength_tablet=&#8221;1px&#8221; link_text_shadow_horizontal_length=&#8221;link_text_shadow_style,%91object Object%93&#8243; link_text_shadow_horizontal_length_tablet=&#8221;0px&#8221; link_text_shadow_vertical_length=&#8221;link_text_shadow_style,%91object Object%93&#8243; link_text_shadow_vertical_length_tablet=&#8221;0px&#8221; link_text_shadow_blur_strength=&#8221;link_text_shadow_style,%91object Object%93&#8243; link_text_shadow_blur_strength_tablet=&#8221;1px&#8221; ul_text_shadow_horizontal_length=&#8221;ul_text_shadow_style,%91object Object%93&#8243; ul_text_shadow_horizontal_length_tablet=&#8221;0px&#8221; ul_text_shadow_vertical_length=&#8221;ul_text_shadow_style,%91object Object%93&#8243; ul_text_shadow_vertical_length_tablet=&#8221;0px&#8221; ul_text_shadow_blur_strength=&#8221;ul_text_shadow_style,%91object Object%93&#8243; ul_text_shadow_blur_strength_tablet=&#8221;1px&#8221; ol_text_shadow_horizontal_length=&#8221;ol_text_shadow_style,%91object Object%93&#8243; ol_text_shadow_horizontal_length_tablet=&#8221;0px&#8221; ol_text_shadow_vertical_length=&#8221;ol_text_shadow_style,%91object Object%93&#8243; ol_text_shadow_vertical_length_tablet=&#8221;0px&#8221; ol_text_shadow_blur_strength=&#8221;ol_text_shadow_style,%91object Object%93&#8243; ol_text_shadow_blur_strength_tablet=&#8221;1px&#8221; quote_text_shadow_horizontal_length=&#8221;quote_text_shadow_style,%91object Object%93&#8243; quote_text_shadow_horizontal_length_tablet=&#8221;0px&#8221; quote_text_shadow_vertical_length=&#8221;quote_text_shadow_style,%91object Object%93&#8243; quote_text_shadow_vertical_length_tablet=&#8221;0px&#8221; quote_text_shadow_blur_strength=&#8221;quote_text_shadow_style,%91object Object%93&#8243; quote_text_shadow_blur_strength_tablet=&#8221;1px&#8221; header_text_shadow_horizontal_length=&#8221;header_text_shadow_style,%91object Object%93&#8243; header_text_shadow_horizontal_length_tablet=&#8221;0px&#8221; header_text_shadow_vertical_length=&#8221;header_text_shadow_style,%91object Object%93&#8243; header_text_shadow_vertical_length_tablet=&#8221;0px&#8221; header_text_shadow_blur_strength=&#8221;header_text_shadow_style,%91object Object%93&#8243; header_text_shadow_blur_strength_tablet=&#8221;1px&#8221; header_2_text_shadow_horizontal_length=&#8221;header_2_text_shadow_style,%91object Object%93&#8243; header_2_text_shadow_horizontal_length_tablet=&#8221;0px&#8221; header_2_text_shadow_vertical_length=&#8221;header_2_text_shadow_style,%91object Object%93&#8243; header_2_text_shadow_vertical_length_tablet=&#8221;0px&#8221; header_2_text_shadow_blur_strength=&#8221;header_2_text_shadow_style,%91object Object%93&#8243; header_2_text_shadow_blur_strength_tablet=&#8221;1px&#8221; header_3_text_shadow_horizontal_length=&#8221;header_3_text_shadow_style,%91object Object%93&#8243; header_3_text_shadow_horizontal_length_tablet=&#8221;0px&#8221; header_3_text_shadow_vertical_length=&#8221;header_3_text_shadow_style,%91object Object%93&#8243; header_3_text_shadow_vertical_length_tablet=&#8221;0px&#8221; header_3_text_shadow_blur_strength=&#8221;header_3_text_shadow_style,%91object Object%93&#8243; header_3_text_shadow_blur_strength_tablet=&#8221;1px&#8221; header_4_text_shadow_horizontal_length=&#8221;header_4_text_shadow_style,%91object Object%93&#8243; header_4_text_shadow_horizontal_length_tablet=&#8221;0px&#8221; header_4_text_shadow_vertical_length=&#8221;header_4_text_shadow_style,%91object Object%93&#8243; header_4_text_shadow_vertical_length_tablet=&#8221;0px&#8221; header_4_text_shadow_blur_strength=&#8221;header_4_text_shadow_style,%91object Object%93&#8243; header_4_text_shadow_blur_strength_tablet=&#8221;1px&#8221; header_5_text_shadow_horizontal_length=&#8221;header_5_text_shadow_style,%91object Object%93&#8243; header_5_text_shadow_horizontal_length_tablet=&#8221;0px&#8221; header_5_text_shadow_vertical_length=&#8221;header_5_text_shadow_style,%91object Object%93&#8243; header_5_text_shadow_vertical_length_tablet=&#8221;0px&#8221; header_5_text_shadow_blur_strength=&#8221;header_5_text_shadow_style,%91object Object%93&#8243; header_5_text_shadow_blur_strength_tablet=&#8221;1px&#8221; header_6_text_shadow_horizontal_length=&#8221;header_6_text_shadow_style,%91object Object%93&#8243; header_6_text_shadow_horizontal_length_tablet=&#8221;0px&#8221; header_6_text_shadow_vertical_length=&#8221;header_6_text_shadow_style,%91object Object%93&#8243; header_6_text_shadow_vertical_length_tablet=&#8221;0px&#8221; header_6_text_shadow_blur_strength=&#8221;header_6_text_shadow_style,%91object Object%93&#8243; header_6_text_shadow_blur_strength_tablet=&#8221;1px&#8221; box_shadow_horizontal_tablet=&#8221;0px&#8221; box_shadow_vertical_tablet=&#8221;0px&#8221; box_shadow_blur_tablet=&#8221;40px&#8221; box_shadow_spread_tablet=&#8221;0px&#8221; vertical_offset_tablet=&#8221;0&#8243; horizontal_offset_tablet=&#8221;0&#8243; z_index_tablet=&#8221;0&#8243; background_pattern_color=&#8221;rgba(0,0,0,0.2)&#8221; background_mask_color=&#8221;#ffffff&#8221;]<\/p>\n<p><strong>General information<\/strong><\/p>\n<p>Zoological collection of the Mammal Research Institute PAS in Bia\u0142owie\u017ca comprise about 190\u00a0000 of mammal specimens. The collections are effect of the long-term studies on mammal fauna in Bia\u0142owie\u017ca Primeval Forest, Bia\u0142owie\u017ca National Park, and generally in Poland. Some part of collection (specimens from various groups of mammal world fauna) makes the reference material in many studies.\u00a0\u00a0<\/p>\n<p>The series of skulls and skeletons of the European bison (<em>Bison bonasus<\/em>) from free living herd in Bia\u0142owie\u017ca Primeval Forest is extremely precious component of the collection. \u00a0<\/p>\n<p>The collection data base includes 1094 records for European bison and crossbreed (<em>Bison bonasus x Bos taurus<\/em>) (the actual state from 31.12.2008).<\/p>\n<p>Big series of small mammals from Bia\u0142owie\u017ca Primeval Forest constitute important part of the collection. Also materials from Poland have large share in the collection. However in the last years, the collection was enlarged about numerous specimens big mammals, particularly about carnivore mammals (in case of protected mammals appropriate permissions are obtained).<\/p>\n<p>Other precious elements in the collection include some groups: (1) small mammal fauna from Bia\u0142owie\u017ca National Park and Bia\u0142owie\u017ca Proimeval Forest (near 116\u00a0000 specimens); (2) mammals from Biebrza National Park; (3) series of hare skulls from former Pozna\u0144 and Bia\u0142ystok province; (4) series of red fox skulls from whole Poland (about 1500 specimens);\u00a0 (5) pellets from owls and other raptors from Bia\u0142owie\u017ca Primeval Forest (about 2000 items); (6) material from composition of diet analyzes in carnivore mammal guild in Bia\u0142owie\u017ca Primeval Forest (about 4000 items).<\/p>\n<p>Curator of the collection is Prof. dr habil. Rafa\u0142 Kowalczyk<\/p>\n<p><strong>Collection and education<\/strong><\/p>\n<p>Collection specimens&#8217; are used in education objectives. Periodically some part of collection store is presented for groups of students, PhD students visiting Institute. In order to that the showroom on Polish mammal fauna and review of biodiversity of world mammals is organized.<\/p>\n<p>During every year Summer School the specimens are used in laboratory and field training. Students learn identification of mammals on skull and dental characters. In order of that the osteologic material from collection are demonstrated and used.<\/p>\n<p><strong>Collection and research<\/strong><\/p>\n<p>Based on collection materials are realised different studies, among other things in evolutionary morphology, functional morphology, ecology, phylogeography, phylogeny, evolutionary genetic. Some project are realised in cooperation MRI Staff and some foreign researcher. In last five years the following works exploited collection materials were published:<\/p>\n<p>W. J\u0119drzejewski, W. Branicki, C. Veit, I. Medugorac, M. Pilot, A. N. Bunevich, B. J\u0119drzejewska, K. Schmidt, J. Theuerkauf, H. Okarma, R. Gula, L. Szymura, M. F\u00d6rster. 2005: &#8220;Genetic diversity and relatedness within packs in an intensely hunted population of wolves\u00a0<em>Canis lupus<\/em>.&#8221;\u00a0<em>Acta Theriologica<\/em>\u00a050: 3-22.<\/p>\n<p>L. Rychlik, M. G. Ramalhinho, P. D. Polly. 2006: &#8220;Response to environmental factors and competition: skull, mandible, and tooth shape in Polish Water shrews (<em>Neomys<\/em>, Soricidae, Mammalia)&#8221;.\u00a0<em>Journal of Zoological Systematics and Evolutionary Research<\/em>\u00a044: 339-351.<\/p>\n<p>A. M. W\u00f3jcik, P. D. Polly, M. D. Sikorski, J. M. W\u00f3jcik. 2006: &#8220;Selection in a cyclic population: differential response among skeletal traits&#8221;\u00a0<em>Evolution<\/em>\u00a060: 1925-1935.<\/p>\n<p>J. M. W\u00f3jcik, P. D. Polly, A. M. W\u00f3jcik, M. D. Sikorski. 2007: &#8220;Epigenetic variation of the common shrew,<em>\u00a0Sorex araneus<\/em>, in different habitats.&#8221;\u00a0<em>R<\/em><em>ussian Journal of Theriology<\/em>\u00a06: 43-49.<\/p>\n<p>E. Szuma. 2008: &#8220;Geography of sexual dimorphism in the tooth size of the red fox Vulpes vulpes (Mammalia, Carnivora).&#8221;\u00a0<em>Journal of Zoological Systematic and Evolutionary Research<\/em>\u00a046: 73-81.<\/p>\n<p>E. Szuma. 2008: &#8220;Evolutionary and climatic factors affecting tooth size in the red fox<em>\u00a0Vulpes vulpes<\/em>\u00a0in the Holarctic&#8221;.<strong><em>\u00a0<\/em><\/strong><em>Acta Theriologica<\/em>\u00a053: 289-332.<\/p>\n<p>D. G. Drucker, A. Bridault, K. A. Hobson, E. Szuma, H. Bocherens. 2008: &#8220;Can carbon-13 in large herbivores reflect canopy effect in temperate and boreal ecosystems? Evidence from modern and ancient ungulates.&#8221;\u00a0<em>Palaeogeography, Palaeoclimatology, Palaeoecology\u00a0<\/em>266: 69-82.<\/p>\n<p>J. M. W\u00f3jcik, A. Kawa\u0142ko, M. Tokarska, M. Jaarola, P. Vallenback, C. Pertoldi. 2009: &#8220;Post-bottleneck mtDNA diversity in a free-living population of European bison: implications for conservation.&#8221; J<em>ournal of Zoology\u00a0<\/em>277: 81-87.<\/p>\n<p>M. Tokarska, A. Kawa\u0142ko, J.M. W\u00f3jcik, C. Pertoldi. 2009:\u00a0<span lang=\"&quot;EN-US&quot;\">&#8220;Genetic variability in the European bison (<em>Bison bonasus<\/em>) population from Bia\u0142owie\u017ca forest over 50 years&#8221;.\u00a0<em>Biological Journal of the Linnean Society<\/em>\u00a097: 801-809.<\/span><\/p>\n<p>J.M. W\u00f3jcik, A. Kawa\u0142ko, S. Markov\u00e1, J.B. Searle, P.\u00a0\u00a0Kotl\u00edk. 2010:\u00a0<span lang=\"&quot;&quot;EN-US&quot;&quot;\">&#8220;Phylogeographic signatures of northward post-glacial colonization from high-latitude refugia: a case study of bank voles using museum specimens&#8221;.\u00a0<\/span><em>Journal of Zoology<\/em>\u00a0281: 249\u2013262. DOI: 10.1111\/j.1469-7998.2010.00699.x<\/p>\n<p><strong>GBIF<\/strong><\/p>\n<p>Information about the mammal collection store&#8217;s from MRI PAS are visible in the Global Biodiversity Information Facility (GBIF). GBIF is an international organisation to provide free and universal access to data regarding the world&#8217;s biodiversity. To learn more about GBIF itself, visit the GBIF Communications Portal:<\/p>\n<p><a href=\"http:\/\/www.ksib.pl\/index.php?id=co&amp;l=pl\" target=\"&quot;&quot;_blank&quot;&quot;\" rel=\"noopener noreferrer\">GBIF national node\u00a0<\/a><\/p>\n<p>A new GBIF Data Portal (Beta-test version) is now online at\u00a0<a href=\"http:\/\/www.gbif.org\/\" target=\"&quot;&quot;_blank&quot;&quot;\" rel=\"noopener noreferrer\">GBIF Portal\u00a0<\/a><\/p>\n<p>The GBIF Network already provides access to over 40 million records of occurrences of different organisms. MRI joined GBIF Network in 2004. We provide data on specimens included in our mammal collection. The specimens come mainly from Bia\u0142owie\u017ca Forest and other regions of Poland. Nearly all species of Polish mammals are represented in this collection. Some groups are represented by numerous series of specimens and observations (e.g. insectivores, rodents, European bison, hares, or red fox).<\/p>\n<p>[\/et_pb_text][\/et_pb_column_inner][\/et_pb_row_inner][et_pb_row_inner admin_label=&#8221;Wiersz&#8221;][et_pb_column_inner type=&#8221;4_4&#8243; saved_specialty_column_type=&#8221;3_4&#8243; custom_padding__hover=&#8221;|||&#8221; custom_padding=&#8221;|||&#8221; saved_specialty_column_type=&#8221;3_4&#8243;][et_pb_divider _builder_version=&#8221;4.24.3&#8243; color=&#8221;#ebeced&#8221; height=&#8221;1px&#8221; \/][\/et_pb_column_inner][\/et_pb_row_inner][et_pb_row_inner admin_label=&#8221;Wiersz&#8221;][et_pb_column_inner type=&#8221;4_4&#8243; saved_specialty_column_type=&#8221;3_4&#8243; custom_padding__hover=&#8221;|||&#8221; custom_padding=&#8221;|||&#8221; saved_specialty_column_type=&#8221;3_4&#8243;][et_pb_text admin_label=&#8221;Tytu\u0142&#8221; _builder_version=&#8221;3.19.18&#8243; module_class=&#8221;title&#8221; saved_tabs=&#8221;all&#8221; text_orientation=&#8221;left&#8221;]<\/p>\n<p>Mammal collection provided by MRI<\/p>\n<p>[\/et_pb_text][et_pb_code admin_label=&#8221;Tabela kolekcji&#8221; _builder_version=&#8221;4.24.3&#8243; module_class=&#8221;scientific-collection-table&#8221;]\n<p>Number of records: <strong>95,090<\/strong><\/p>\n<p>Taxon count: <strong>164<\/strong><\/p>\n\n<table class=\"scientific-collection\">\n    <thead>\n        <tr>\n            <th>Species name<\/th>\n            <th>Number of  specimens<\/th>\n        <\/tr>\n    <\/thead>\n    <tfoot>\n        <tr>\n            <th>Species name<\/th>\n            <th>Number of  specimens<\/th>\n        <\/tr>\n    <\/tfoot>\n<\/table>\n[\/et_pb_code][\/et_pb_column_inner][\/et_pb_row_inner][\/et_pb_column][\/et_pb_section]<\/p>\n","protected":false},"excerpt":{"rendered":"<p>Zoological collection of the Mammal Research Institute PAS General informationZoological collection of the Mammal Research Institute PAS in Bia\u0142owie\u017ca comprise about 190\u00a0000 of mammal specimens. The collections are effect of the long-term studies on mammal fauna in Bia\u0142owie\u017ca Primeval Forest, Bia\u0142owie\u017ca National Park, and generally in Poland. Some part of collection (specimens from various groups [&hellip;]<\/p>\n","protected":false},"author":1,"featured_media":0,"parent":0,"menu_order":0,"comment_status":"closed","ping_status":"closed","template":"","meta":{"_et_pb_use_builder":"on","_et_pb_old_content":"","_et_gb_content_width":"","footnotes":""},"class_list":["post-7879","page","type-page","status-publish","hentry"],"yoast_head":"<!-- This site is optimized with the Yoast SEO plugin v27.4 - https:\/\/yoast.com\/product\/yoast-seo-wordpress\/ -->\n<title>Scientific Collection - Mammal Research Institute<\/title>\n<meta name=\"robots\" content=\"index, follow, max-snippet:-1, max-image-preview:large, max-video-preview:-1\" \/>\n<link rel=\"canonical\" href=\"https:\/\/ibs.bialowieza.pl\/en\/scientific-collection\/\" \/>\n<meta property=\"og:locale\" content=\"en_US\" \/>\n<meta property=\"og:type\" content=\"article\" \/>\n<meta property=\"og:title\" content=\"Scientific Collection - Mammal Research Institute\" \/>\n<meta property=\"og:description\" content=\"Zoological collection of the Mammal Research Institute PAS General informationZoological collection of the Mammal Research Institute PAS in Bia\u0142owie\u017ca comprise about 190\u00a0000 of mammal specimens. The collections are effect of the long-term studies on mammal fauna in Bia\u0142owie\u017ca Primeval Forest, Bia\u0142owie\u017ca National Park, and generally in Poland. Some part of collection (specimens from various groups [&hellip;]\" \/>\n<meta property=\"og:url\" content=\"https:\/\/ibs.bialowieza.pl\/en\/scientific-collection\/\" \/>\n<meta property=\"og:site_name\" content=\"Mammal Research Institute\" \/>\n<meta property=\"article:modified_time\" content=\"2024-04-18T07:38:52+00:00\" \/>\n<meta name=\"twitter:card\" content=\"summary_large_image\" \/>\n<meta name=\"twitter:label1\" content=\"Est. reading time\" \/>\n\t<meta name=\"twitter:data1\" content=\"9 minutes\" \/>\n<script type=\"application\/ld+json\" class=\"yoast-schema-graph\">{\"@context\":\"https:\\\/\\\/schema.org\",\"@graph\":[{\"@type\":\"WebPage\",\"@id\":\"https:\\\/\\\/ibs.bialowieza.pl\\\/en\\\/scientific-collection\\\/\",\"url\":\"https:\\\/\\\/ibs.bialowieza.pl\\\/en\\\/scientific-collection\\\/\",\"name\":\"Scientific Collection - Mammal Research Institute\",\"isPartOf\":{\"@id\":\"https:\\\/\\\/ibs.bialowieza.pl\\\/en\\\/#website\"},\"datePublished\":\"2019-04-09T06:45:31+00:00\",\"dateModified\":\"2024-04-18T07:38:52+00:00\",\"breadcrumb\":{\"@id\":\"https:\\\/\\\/ibs.bialowieza.pl\\\/en\\\/scientific-collection\\\/#breadcrumb\"},\"inLanguage\":\"en-US\",\"potentialAction\":[{\"@type\":\"ReadAction\",\"target\":[\"https:\\\/\\\/ibs.bialowieza.pl\\\/en\\\/scientific-collection\\\/\"]}]},{\"@type\":\"BreadcrumbList\",\"@id\":\"https:\\\/\\\/ibs.bialowieza.pl\\\/en\\\/scientific-collection\\\/#breadcrumb\",\"itemListElement\":[{\"@type\":\"ListItem\",\"position\":1,\"name\":\"Homepage\",\"item\":\"https:\\\/\\\/ibs.bialowieza.pl\\\/en\\\/\"},{\"@type\":\"ListItem\",\"position\":2,\"name\":\"Scientific Collection\"}]},{\"@type\":\"WebSite\",\"@id\":\"https:\\\/\\\/ibs.bialowieza.pl\\\/en\\\/#website\",\"url\":\"https:\\\/\\\/ibs.bialowieza.pl\\\/en\\\/\",\"name\":\"Mammal Research Institute\",\"description\":\"Mammal Research Institute\",\"potentialAction\":[{\"@type\":\"SearchAction\",\"target\":{\"@type\":\"EntryPoint\",\"urlTemplate\":\"https:\\\/\\\/ibs.bialowieza.pl\\\/en\\\/?s={search_term_string}\"},\"query-input\":{\"@type\":\"PropertyValueSpecification\",\"valueRequired\":true,\"valueName\":\"search_term_string\"}}],\"inLanguage\":\"en-US\"}]}<\/script>\n<!-- \/ Yoast SEO plugin. -->","yoast_head_json":{"title":"Scientific Collection - Mammal Research Institute","robots":{"index":"index","follow":"follow","max-snippet":"max-snippet:-1","max-image-preview":"max-image-preview:large","max-video-preview":"max-video-preview:-1"},"canonical":"https:\/\/ibs.bialowieza.pl\/en\/scientific-collection\/","og_locale":"en_US","og_type":"article","og_title":"Scientific Collection - Mammal Research Institute","og_description":"Zoological collection of the Mammal Research Institute PAS General informationZoological collection of the Mammal Research Institute PAS in Bia\u0142owie\u017ca comprise about 190\u00a0000 of mammal specimens. The collections are effect of the long-term studies on mammal fauna in Bia\u0142owie\u017ca Primeval Forest, Bia\u0142owie\u017ca National Park, and generally in Poland. Some part of collection (specimens from various groups [&hellip;]","og_url":"https:\/\/ibs.bialowieza.pl\/en\/scientific-collection\/","og_site_name":"Mammal Research Institute","article_modified_time":"2024-04-18T07:38:52+00:00","twitter_card":"summary_large_image","twitter_misc":{"Est. reading time":"9 minutes"},"schema":{"@context":"https:\/\/schema.org","@graph":[{"@type":"WebPage","@id":"https:\/\/ibs.bialowieza.pl\/en\/scientific-collection\/","url":"https:\/\/ibs.bialowieza.pl\/en\/scientific-collection\/","name":"Scientific Collection - Mammal Research Institute","isPartOf":{"@id":"https:\/\/ibs.bialowieza.pl\/en\/#website"},"datePublished":"2019-04-09T06:45:31+00:00","dateModified":"2024-04-18T07:38:52+00:00","breadcrumb":{"@id":"https:\/\/ibs.bialowieza.pl\/en\/scientific-collection\/#breadcrumb"},"inLanguage":"en-US","potentialAction":[{"@type":"ReadAction","target":["https:\/\/ibs.bialowieza.pl\/en\/scientific-collection\/"]}]},{"@type":"BreadcrumbList","@id":"https:\/\/ibs.bialowieza.pl\/en\/scientific-collection\/#breadcrumb","itemListElement":[{"@type":"ListItem","position":1,"name":"Homepage","item":"https:\/\/ibs.bialowieza.pl\/en\/"},{"@type":"ListItem","position":2,"name":"Scientific Collection"}]},{"@type":"WebSite","@id":"https:\/\/ibs.bialowieza.pl\/en\/#website","url":"https:\/\/ibs.bialowieza.pl\/en\/","name":"Mammal Research Institute","description":"Mammal Research Institute","potentialAction":[{"@type":"SearchAction","target":{"@type":"EntryPoint","urlTemplate":"https:\/\/ibs.bialowieza.pl\/en\/?s={search_term_string}"},"query-input":{"@type":"PropertyValueSpecification","valueRequired":true,"valueName":"search_term_string"}}],"inLanguage":"en-US"}]}},"_links":{"self":[{"href":"https:\/\/ibs.bialowieza.pl\/en\/wp-json\/wp\/v2\/pages\/7879","targetHints":{"allow":["GET"]}}],"collection":[{"href":"https:\/\/ibs.bialowieza.pl\/en\/wp-json\/wp\/v2\/pages"}],"about":[{"href":"https:\/\/ibs.bialowieza.pl\/en\/wp-json\/wp\/v2\/types\/page"}],"author":[{"embeddable":true,"href":"https:\/\/ibs.bialowieza.pl\/en\/wp-json\/wp\/v2\/users\/1"}],"replies":[{"embeddable":true,"href":"https:\/\/ibs.bialowieza.pl\/en\/wp-json\/wp\/v2\/comments?post=7879"}],"version-history":[{"count":4,"href":"https:\/\/ibs.bialowieza.pl\/en\/wp-json\/wp\/v2\/pages\/7879\/revisions"}],"predecessor-version":[{"id":9238,"href":"https:\/\/ibs.bialowieza.pl\/en\/wp-json\/wp\/v2\/pages\/7879\/revisions\/9238"}],"wp:attachment":[{"href":"https:\/\/ibs.bialowieza.pl\/en\/wp-json\/wp\/v2\/media?parent=7879"}],"curies":[{"name":"wp","href":"https:\/\/api.w.org\/{rel}","templated":true}]}}