{"id":8058,"date":"2019-04-10T10:22:39","date_gmt":"2019-04-10T08:22:39","guid":{"rendered":"http:\/\/10.9.100.150.dyndns.koba.pl\/ibsbialowieza\/en\/?page_id=8058"},"modified":"2019-04-10T10:22:39","modified_gmt":"2019-04-10T08:22:39","slug":"privacy-policy","status":"publish","type":"page","link":"https:\/\/ibs.bialowieza.pl\/en\/privacy-policy\/","title":{"rendered":"Privacy policy"},"content":{"rendered":"<p>[et_pb_section bb_built=&#8221;1&#8243; fullwidth=&#8221;off&#8221; specialty=&#8221;on&#8221; _builder_version=&#8221;3.19.18&#8243;][et_pb_column type=&#8221;1_4&#8243;][et_pb_sidebar _builder_version=&#8221;3.19.18&#8243; area=&#8221;et_pb_widget_area_1&#8243; show_border=&#8221;off&#8221; \/][\/et_pb_column][et_pb_column type=&#8221;3_4&#8243; specialty_columns=&#8221;3&#8243;][et_pb_row_inner admin_label=&#8221;Wiersz&#8221;][et_pb_column_inner type=&#8221;4_4&#8243; saved_specialty_column_type=&#8221;3_4&#8243;][et_pb_text _builder_version=&#8221;3.19.18&#8243; text_orientation=&#8221;center&#8221;]<\/p>\n<p>Zgodnie z art. 13 ust. 1 i 2 Rozporz\u0105dzenia Parlamentu Europejskiego i Rady (UE) 2016\/679 z dnia 27 kwietnia 2016 r. (dalej zwane: \u201eRODO&#8221;) informujemy, \u017ce:<\/p>\n<p>[\/et_pb_text][et_pb_text _builder_version=&#8221;3.19.18&#8243;]<\/p>\n<ol>\n<li>Administratorem danych osobowych zgodnie z art. 4 pkt. 7 RODO jest Instytut Biologii Ssak\u00f3w Polskiej Akademii Nauk w Bia\u0142owie\u017cy z siedzib\u0105 przy Stoczek 1, 17-230 Bia\u0142owie\u017ca, tel. 85 682 77 50, e-mail:\u00a0<a href=\"mailto:mripas@ibs.bialowieza.pl\">mripas(at)ibs.bialowieza.pl<\/a><\/li>\n<\/ol>\n<p>[\/et_pb_text][et_pb_text _builder_version=&#8221;3.19.18&#8243;]<\/p>\n<ol start=\"2\">\n<li>Dane kontaktowe do INSPEKTORA OCHRONY DANYCH:<br \/>\n<a href=\"mailto:iod@ibs.bialowieza.pl\">iod(at)ibs.bialowieza.pl<\/a><\/li>\n<\/ol>\n<p>[\/et_pb_text][et_pb_text _builder_version=&#8221;3.19.18&#8243;]<\/p>\n<ol start=\"3\">\n<li>Odbiorcami danych osobowych w zwi\u0105zku z realizacj\u0105 cel\u00f3w mog\u0105 by\u0107:<\/li>\n<\/ol>\n<ul class=\"lower-alpha\">\n<li>Osoby upowa\u017cnione przez Administratora &#8211; pracownicy oraz wsp\u00f3\u0142pracownicy;<\/li>\n<li>Podmioty, kt\u00f3rym Administrator powierzy\u0142 przetwarzania danych osobowych (podmioty przetwarzaj\u0105ce) na podstawie zawartych um\u00f3w;<\/li>\n<li>Podmioty, kt\u00f3rym Administrator zobligowany b\u0119dzie udost\u0119pni\u0107 dane na podstawie przepis\u00f3w prawa;<\/li>\n<li>Odbiorcy danych tacy jak: kurierzy i banki.<\/li>\n<\/ul>\n<p>[\/et_pb_text][et_pb_text _builder_version=&#8221;3.19.18&#8243;]<\/p>\n<ol start=\"4\">\n<li>Przetwarzane dane osobowe nie s\u0105 przekazane do pa\u0144stwa trzeciego lub organizacji mi\u0119dzynarodowej.<\/li>\n<\/ol>\n<p>[\/et_pb_text][et_pb_text _builder_version=&#8221;3.19.18&#8243;]<\/p>\n<ol start=\"5\">\n<li>Dane osobowe b\u0119d\u0105 przetwarzane przez Administratora w okresie niezb\u0119dnym do realizacji cel\u00f3w:<\/li>\n<\/ol>\n<ul class=\"lower-alpha\">\n<li>W zwi\u0105zku z realizacj\u0105 zawartej umowy, do czasu jej zako\u0144czenia, po tym czasie przez okres oraz w zakresie wymaganym przez przepisy prawa w szczeg\u00f3lno\u015bci dotycz\u0105cych przechowywanie dowod\u00f3w ksi\u0119gowych lub dla zabezpieczenia ewentualnych roszcze\u0144.<\/li>\n<li>W zwi\u0105zku z marketingiem produkt\u00f3w i us\u0142ug oferowanych przez Administratora, do czasu wycofania zgody na takie przetwarzanie.<\/li>\n<\/ul>\n<p>[\/et_pb_text][et_pb_text _builder_version=&#8221;3.19.18&#8243;]<\/p>\n<ol start=\"6\">\n<li>Prawa przys\u0142uguj\u0105ce osobom, kt\u00f3rych dane przetwarzamy:<\/li>\n<\/ol>\n<ul class=\"lower-alpha\">\n<li>Prawo dost\u0119pu do tre\u015bci danych, na podstawie art. 15 \u201eRODO&#8221;.<\/li>\n<li>Prawo do sprostowania danych, na podstawie art. 16 \u201eRODO&#8221;.<\/li>\n<li>Prawo do usuni\u0119cia danych, na podstawie art. 17 \u201eRODO&#8221;.<\/li>\n<li>Prawo do ograniczenia przetwarzania danych, na podstawie art. 18 \u201eRODO&#8221;.<\/li>\n<li>Prawo do przenoszenia danych, na podstawie art. 20 \u201eRODO&#8221;.<\/li>\n<li>Prawo do wniesienia sprzeciwu wobec przetwarzania danych, na podstawie art. 21 \u201eRODO&#8221;.<\/li>\n<\/ul>\n<p>[\/et_pb_text][et_pb_text _builder_version=&#8221;3.19.18&#8243;]<\/p>\n<ol start=\"7\">\n<li>Przys\u0142uguje Pa\u0144stwu prawo do cofni\u0119cia zgody w dowolnym momencie bez wp\u0142ywu na zgodno\u015b\u0107 z prawem przetwarzania, kt\u00f3rego dokonano na podstawie zgody przed jej cofni\u0119ciem, je\u017celi przetwarzanie odbywa si\u0119 na podstawie wydanej uprzednio zgody na przetwarzanie na podstawie art. 6 ust. 1 lit. a) \u201eRODO&#8221;.<\/li>\n<\/ul>\n<p>[\/et_pb_text][et_pb_text _builder_version=&#8221;3.19.18&#8243;]<\/p>\n<ol start=\"8\">\n<li>Przys\u0142uguje Pa\u0144stwu prawo wniesienia skargi do organu nadzorczego &#8211; o ile uznano, \u017ce przetwarzanie danych osobowych odbywa si\u0119 z naruszeniem przepis\u00f3w \u201eRODO&#8221;.<\/li>\n<\/ol>\n<p>[\/et_pb_text][et_pb_text _builder_version=&#8221;3.19.18&#8243;]<\/p>\n<ol start=\"9\">\n<li>Podanie danych w ka\u017cdym celu jest dobrowolne, ale w przypadku niekt\u00f3rych z nich (takich jak: zawarcie umowy, reklamacje , zwroty, inne us\u0142ugi oferowane przez Instytut Biologii Ssak\u00f3w Polskiej Akademii Nauk w Bia\u0142owie\u017cy) jest niezb\u0119dne do ich realizacji, konsekwencj\u0105 ich niepodania b\u0119dzie brak mo\u017cliwo\u015bci zawarcia\/wykonania przez Instytut Biologii Ssak\u00f3w Polskiej Akademii Nauk w Bia\u0142owie\u017cy okre\u015blonych zobowi\u0105za\u0144.<\/li>\n<\/ol>\n<p>[\/et_pb_text][et_pb_text _builder_version=&#8221;3.19.18&#8243;]<\/p>\n<ol start=\"10\">\n<li>W ramach marketingu bezpo\u015bredniego &#8211; w celu oferowania Pa\u0144stwu naszych produkt\u00f3w\/us\u0142ug, w tym dobieranie ich pod k\u0105tem Pa\u0144stwa potrzeb mo\u017cemy wykorzystywa\u0107 profilowanie. Dzia\u0142ania zwi\u0105zane z profilowaniem w celach marketingu bezpo\u015bredniego nie wywo\u0142uj\u0105 wobec Pa\u0144stwa skutk\u00f3w prawnych. Przys\u0142uguje Pa\u0144stwu prawo sprzeciwu wobec marketingu.<\/li>\n<\/ol>\n<p>[\/et_pb_text][\/et_pb_column_inner][\/et_pb_row_inner][\/et_pb_column][\/et_pb_section]<\/p>\n","protected":false},"excerpt":{"rendered":"<p>Zgodnie z art. 13 ust. 1 i 2 Rozporz\u0105dzenia Parlamentu Europejskiego i Rady (UE) 2016\/679 z dnia 27 kwietnia 2016 r. (dalej zwane: \u201eRODO&#8221;) informujemy, \u017ce: Administratorem danych osobowych zgodnie z art. 4 pkt. 7 RODO jest Instytut Biologii Ssak\u00f3w Polskiej Akademii Nauk w Bia\u0142owie\u017cy z siedzib\u0105 przy Stoczek 1, 17-230 Bia\u0142owie\u017ca, tel. 85 682 [&hellip;]<\/p>\n","protected":false},"author":1,"featured_media":0,"parent":0,"menu_order":0,"comment_status":"closed","ping_status":"closed","template":"","meta":{"_et_pb_use_builder":"on","_et_pb_old_content":"","_et_gb_content_width":"","footnotes":""},"class_list":["post-8058","page","type-page","status-publish","hentry"],"yoast_head":"<!-- This site is optimized with the Yoast SEO plugin v27.2 - https:\/\/yoast.com\/product\/yoast-seo-wordpress\/ -->\n<title>Privacy policy - Mammal Research Institute<\/title>\n<meta name=\"robots\" content=\"index, follow, max-snippet:-1, max-image-preview:large, max-video-preview:-1\" \/>\n<link rel=\"canonical\" href=\"https:\/\/ibs.bialowieza.pl\/en\/privacy-policy\/\" \/>\n<meta property=\"og:locale\" content=\"en_US\" \/>\n<meta property=\"og:type\" content=\"article\" \/>\n<meta property=\"og:title\" content=\"Privacy policy - Mammal Research Institute\" \/>\n<meta property=\"og:description\" content=\"Zgodnie z art. 13 ust. 1 i 2 Rozporz\u0105dzenia Parlamentu Europejskiego i Rady (UE) 2016\/679 z dnia 27 kwietnia 2016 r. (dalej zwane: \u201eRODO&quot;) informujemy, \u017ce: Administratorem danych osobowych zgodnie z art. 4 pkt. 7 RODO jest Instytut Biologii Ssak\u00f3w Polskiej Akademii Nauk w Bia\u0142owie\u017cy z siedzib\u0105 przy Stoczek 1, 17-230 Bia\u0142owie\u017ca, tel. 85 682 [&hellip;]\" \/>\n<meta property=\"og:url\" content=\"https:\/\/ibs.bialowieza.pl\/en\/privacy-policy\/\" \/>\n<meta property=\"og:site_name\" content=\"Mammal Research Institute\" \/>\n<meta name=\"twitter:card\" content=\"summary_large_image\" \/>\n<meta name=\"twitter:label1\" content=\"Est. reading time\" \/>\n\t<meta name=\"twitter:data1\" content=\"3 minutes\" \/>\n<script type=\"application\/ld+json\" class=\"yoast-schema-graph\">{\"@context\":\"https:\/\/schema.org\",\"@graph\":[{\"@type\":\"WebPage\",\"@id\":\"https:\/\/ibs.bialowieza.pl\/en\/privacy-policy\/\",\"url\":\"https:\/\/ibs.bialowieza.pl\/en\/privacy-policy\/\",\"name\":\"Privacy policy - Mammal Research Institute\",\"isPartOf\":{\"@id\":\"https:\/\/ibs.bialowieza.pl\/en\/#website\"},\"datePublished\":\"2019-04-10T08:22:39+00:00\",\"breadcrumb\":{\"@id\":\"https:\/\/ibs.bialowieza.pl\/en\/privacy-policy\/#breadcrumb\"},\"inLanguage\":\"en-US\",\"potentialAction\":[{\"@type\":\"ReadAction\",\"target\":[\"https:\/\/ibs.bialowieza.pl\/en\/privacy-policy\/\"]}]},{\"@type\":\"BreadcrumbList\",\"@id\":\"https:\/\/ibs.bialowieza.pl\/en\/privacy-policy\/#breadcrumb\",\"itemListElement\":[{\"@type\":\"ListItem\",\"position\":1,\"name\":\"Homepage\",\"item\":\"https:\/\/ibs.bialowieza.pl\/en\/\"},{\"@type\":\"ListItem\",\"position\":2,\"name\":\"Privacy policy\"}]},{\"@type\":\"WebSite\",\"@id\":\"https:\/\/ibs.bialowieza.pl\/en\/#website\",\"url\":\"https:\/\/ibs.bialowieza.pl\/en\/\",\"name\":\"Mammal Research Institute\",\"description\":\"Mammal Research Institute\",\"potentialAction\":[{\"@type\":\"SearchAction\",\"target\":{\"@type\":\"EntryPoint\",\"urlTemplate\":\"https:\/\/ibs.bialowieza.pl\/en\/?s={search_term_string}\"},\"query-input\":{\"@type\":\"PropertyValueSpecification\",\"valueRequired\":true,\"valueName\":\"search_term_string\"}}],\"inLanguage\":\"en-US\"}]}<\/script>\n<!-- \/ Yoast SEO plugin. -->","yoast_head_json":{"title":"Privacy policy - Mammal Research Institute","robots":{"index":"index","follow":"follow","max-snippet":"max-snippet:-1","max-image-preview":"max-image-preview:large","max-video-preview":"max-video-preview:-1"},"canonical":"https:\/\/ibs.bialowieza.pl\/en\/privacy-policy\/","og_locale":"en_US","og_type":"article","og_title":"Privacy policy - Mammal Research Institute","og_description":"Zgodnie z art. 13 ust. 1 i 2 Rozporz\u0105dzenia Parlamentu Europejskiego i Rady (UE) 2016\/679 z dnia 27 kwietnia 2016 r. (dalej zwane: \u201eRODO\") informujemy, \u017ce: Administratorem danych osobowych zgodnie z art. 4 pkt. 7 RODO jest Instytut Biologii Ssak\u00f3w Polskiej Akademii Nauk w Bia\u0142owie\u017cy z siedzib\u0105 przy Stoczek 1, 17-230 Bia\u0142owie\u017ca, tel. 85 682 [&hellip;]","og_url":"https:\/\/ibs.bialowieza.pl\/en\/privacy-policy\/","og_site_name":"Mammal Research Institute","twitter_card":"summary_large_image","twitter_misc":{"Est. reading time":"3 minutes"},"schema":{"@context":"https:\/\/schema.org","@graph":[{"@type":"WebPage","@id":"https:\/\/ibs.bialowieza.pl\/en\/privacy-policy\/","url":"https:\/\/ibs.bialowieza.pl\/en\/privacy-policy\/","name":"Privacy policy - Mammal Research Institute","isPartOf":{"@id":"https:\/\/ibs.bialowieza.pl\/en\/#website"},"datePublished":"2019-04-10T08:22:39+00:00","breadcrumb":{"@id":"https:\/\/ibs.bialowieza.pl\/en\/privacy-policy\/#breadcrumb"},"inLanguage":"en-US","potentialAction":[{"@type":"ReadAction","target":["https:\/\/ibs.bialowieza.pl\/en\/privacy-policy\/"]}]},{"@type":"BreadcrumbList","@id":"https:\/\/ibs.bialowieza.pl\/en\/privacy-policy\/#breadcrumb","itemListElement":[{"@type":"ListItem","position":1,"name":"Homepage","item":"https:\/\/ibs.bialowieza.pl\/en\/"},{"@type":"ListItem","position":2,"name":"Privacy policy"}]},{"@type":"WebSite","@id":"https:\/\/ibs.bialowieza.pl\/en\/#website","url":"https:\/\/ibs.bialowieza.pl\/en\/","name":"Mammal Research Institute","description":"Mammal Research Institute","potentialAction":[{"@type":"SearchAction","target":{"@type":"EntryPoint","urlTemplate":"https:\/\/ibs.bialowieza.pl\/en\/?s={search_term_string}"},"query-input":{"@type":"PropertyValueSpecification","valueRequired":true,"valueName":"search_term_string"}}],"inLanguage":"en-US"}]}},"_links":{"self":[{"href":"https:\/\/ibs.bialowieza.pl\/en\/wp-json\/wp\/v2\/pages\/8058","targetHints":{"allow":["GET"]}}],"collection":[{"href":"https:\/\/ibs.bialowieza.pl\/en\/wp-json\/wp\/v2\/pages"}],"about":[{"href":"https:\/\/ibs.bialowieza.pl\/en\/wp-json\/wp\/v2\/types\/page"}],"author":[{"embeddable":true,"href":"https:\/\/ibs.bialowieza.pl\/en\/wp-json\/wp\/v2\/users\/1"}],"replies":[{"embeddable":true,"href":"https:\/\/ibs.bialowieza.pl\/en\/wp-json\/wp\/v2\/comments?post=8058"}],"version-history":[{"count":2,"href":"https:\/\/ibs.bialowieza.pl\/en\/wp-json\/wp\/v2\/pages\/8058\/revisions"}],"predecessor-version":[{"id":8060,"href":"https:\/\/ibs.bialowieza.pl\/en\/wp-json\/wp\/v2\/pages\/8058\/revisions\/8060"}],"wp:attachment":[{"href":"https:\/\/ibs.bialowieza.pl\/en\/wp-json\/wp\/v2\/media?parent=8058"}],"curies":[{"name":"wp","href":"https:\/\/api.w.org\/{rel}","templated":true}]}}