{"id":8111,"date":"2019-04-19T08:15:43","date_gmt":"2019-04-19T06:15:43","guid":{"rendered":"https:\/\/ibs.bialowieza.pl\/en\/?page_id=8111"},"modified":"2024-11-26T11:37:35","modified_gmt":"2024-11-26T10:37:35","slug":"members-of-scientific-council-of-institute","status":"publish","type":"page","link":"https:\/\/ibs.bialowieza.pl\/en\/members-of-scientific-council-of-institute\/","title":{"rendered":"Members of Scientific Council of Institute (2023-2026)"},"content":{"rendered":"<p>[et_pb_section bb_built=&#8221;1&#8243; fullwidth=&#8221;off&#8221; specialty=&#8221;on&#8221; _builder_version=&#8221;3.19.18&#8243; inner_width=&#8221;auto&#8221; inner_max_width=&#8221;none&#8221;][et_pb_column type=&#8221;1_4&#8243;][et_pb_sidebar _builder_version=&#8221;3.19.18&#8243; area=&#8221;et_pb_widget_area_1&#8243; show_border=&#8221;off&#8221; \/][\/et_pb_column][et_pb_column type=&#8221;3_4&#8243; specialty_columns=&#8221;3&#8243;][et_pb_row_inner admin_label=&#8221;Wiersz&#8221;][et_pb_column_inner type=&#8221;4_4&#8243; saved_specialty_column_type=&#8221;3_4&#8243; custom_padding__hover=&#8221;|||&#8221; custom_padding=&#8221;|||&#8221; saved_specialty_column_type=&#8221;3_4&#8243;][et_pb_text admin_label=&#8221;Tytu\u0142&#8221; _builder_version=&#8221;4.21.0&#8243; module_class=&#8221;title&#8221; text_text_shadow_horizontal_length=&#8221;text_text_shadow_style,%91object Object%93&#8243; text_text_shadow_vertical_length=&#8221;text_text_shadow_style,%91object Object%93&#8243; text_text_shadow_blur_strength=&#8221;text_text_shadow_style,%91object Object%93&#8243; link_text_shadow_horizontal_length=&#8221;link_text_shadow_style,%91object Object%93&#8243; link_text_shadow_vertical_length=&#8221;link_text_shadow_style,%91object Object%93&#8243; link_text_shadow_blur_strength=&#8221;link_text_shadow_style,%91object Object%93&#8243; ul_text_shadow_horizontal_length=&#8221;ul_text_shadow_style,%91object Object%93&#8243; ul_text_shadow_vertical_length=&#8221;ul_text_shadow_style,%91object Object%93&#8243; ul_text_shadow_blur_strength=&#8221;ul_text_shadow_style,%91object Object%93&#8243; ol_text_shadow_horizontal_length=&#8221;ol_text_shadow_style,%91object Object%93&#8243; ol_text_shadow_vertical_length=&#8221;ol_text_shadow_style,%91object Object%93&#8243; ol_text_shadow_blur_strength=&#8221;ol_text_shadow_style,%91object Object%93&#8243; quote_text_shadow_horizontal_length=&#8221;quote_text_shadow_style,%91object Object%93&#8243; quote_text_shadow_vertical_length=&#8221;quote_text_shadow_style,%91object Object%93&#8243; quote_text_shadow_blur_strength=&#8221;quote_text_shadow_style,%91object Object%93&#8243; header_text_shadow_horizontal_length=&#8221;header_text_shadow_style,%91object Object%93&#8243; header_text_shadow_vertical_length=&#8221;header_text_shadow_style,%91object Object%93&#8243; header_text_shadow_blur_strength=&#8221;header_text_shadow_style,%91object Object%93&#8243; header_2_text_shadow_horizontal_length=&#8221;header_2_text_shadow_style,%91object Object%93&#8243; header_2_text_shadow_vertical_length=&#8221;header_2_text_shadow_style,%91object Object%93&#8243; header_2_text_shadow_blur_strength=&#8221;header_2_text_shadow_style,%91object Object%93&#8243; header_3_text_shadow_horizontal_length=&#8221;header_3_text_shadow_style,%91object Object%93&#8243; header_3_text_shadow_vertical_length=&#8221;header_3_text_shadow_style,%91object Object%93&#8243; header_3_text_shadow_blur_strength=&#8221;header_3_text_shadow_style,%91object Object%93&#8243; header_4_text_shadow_horizontal_length=&#8221;header_4_text_shadow_style,%91object Object%93&#8243; header_4_text_shadow_vertical_length=&#8221;header_4_text_shadow_style,%91object Object%93&#8243; header_4_text_shadow_blur_strength=&#8221;header_4_text_shadow_style,%91object Object%93&#8243; header_5_text_shadow_horizontal_length=&#8221;header_5_text_shadow_style,%91object Object%93&#8243; header_5_text_shadow_vertical_length=&#8221;header_5_text_shadow_style,%91object Object%93&#8243; header_5_text_shadow_blur_strength=&#8221;header_5_text_shadow_style,%91object Object%93&#8243; header_6_text_shadow_horizontal_length=&#8221;header_6_text_shadow_style,%91object Object%93&#8243; header_6_text_shadow_vertical_length=&#8221;header_6_text_shadow_style,%91object Object%93&#8243; header_6_text_shadow_blur_strength=&#8221;header_6_text_shadow_style,%91object Object%93&#8243; z_index_tablet=&#8221;500&#8243; background_pattern_color=&#8221;rgba(0,0,0,0.2)&#8221; background_mask_color=&#8221;#ffffff&#8221; box_shadow_horizontal_tablet=&#8221;0px&#8221; box_shadow_vertical_tablet=&#8221;0px&#8221; box_shadow_blur_tablet=&#8221;40px&#8221; box_shadow_spread_tablet=&#8221;0px&#8221; vertical_offset_tablet=&#8221;0&#8243; horizontal_offset_tablet=&#8221;0&#8243;]<\/p>\n<p>Members of Scientific Council of Institute (2023-2026)<\/p>\n<p>[\/et_pb_text][et_pb_text _builder_version=&#8221;4.27.4&#8243; text_text_shadow_horizontal_length=&#8221;text_text_shadow_style,%91object Object%93&#8243; text_text_shadow_horizontal_length_tablet=&#8221;0px&#8221; text_text_shadow_vertical_length=&#8221;text_text_shadow_style,%91object Object%93&#8243; text_text_shadow_vertical_length_tablet=&#8221;0px&#8221; text_text_shadow_blur_strength=&#8221;text_text_shadow_style,%91object Object%93&#8243; text_text_shadow_blur_strength_tablet=&#8221;1px&#8221; link_text_shadow_horizontal_length=&#8221;link_text_shadow_style,%91object Object%93&#8243; link_text_shadow_horizontal_length_tablet=&#8221;0px&#8221; link_text_shadow_vertical_length=&#8221;link_text_shadow_style,%91object Object%93&#8243; link_text_shadow_vertical_length_tablet=&#8221;0px&#8221; link_text_shadow_blur_strength=&#8221;link_text_shadow_style,%91object Object%93&#8243; link_text_shadow_blur_strength_tablet=&#8221;1px&#8221; ul_text_shadow_horizontal_length=&#8221;ul_text_shadow_style,%91object Object%93&#8243; ul_text_shadow_horizontal_length_tablet=&#8221;0px&#8221; ul_text_shadow_vertical_length=&#8221;ul_text_shadow_style,%91object Object%93&#8243; ul_text_shadow_vertical_length_tablet=&#8221;0px&#8221; ul_text_shadow_blur_strength=&#8221;ul_text_shadow_style,%91object Object%93&#8243; ul_text_shadow_blur_strength_tablet=&#8221;1px&#8221; ol_text_shadow_horizontal_length=&#8221;ol_text_shadow_style,%91object Object%93&#8243; ol_text_shadow_horizontal_length_tablet=&#8221;0px&#8221; ol_text_shadow_vertical_length=&#8221;ol_text_shadow_style,%91object Object%93&#8243; ol_text_shadow_vertical_length_tablet=&#8221;0px&#8221; ol_text_shadow_blur_strength=&#8221;ol_text_shadow_style,%91object Object%93&#8243; ol_text_shadow_blur_strength_tablet=&#8221;1px&#8221; quote_text_shadow_horizontal_length=&#8221;quote_text_shadow_style,%91object Object%93&#8243; quote_text_shadow_horizontal_length_tablet=&#8221;0px&#8221; quote_text_shadow_vertical_length=&#8221;quote_text_shadow_style,%91object Object%93&#8243; quote_text_shadow_vertical_length_tablet=&#8221;0px&#8221; quote_text_shadow_blur_strength=&#8221;quote_text_shadow_style,%91object Object%93&#8243; quote_text_shadow_blur_strength_tablet=&#8221;1px&#8221; header_text_shadow_horizontal_length=&#8221;header_text_shadow_style,%91object Object%93&#8243; header_text_shadow_horizontal_length_tablet=&#8221;0px&#8221; header_text_shadow_vertical_length=&#8221;header_text_shadow_style,%91object Object%93&#8243; header_text_shadow_vertical_length_tablet=&#8221;0px&#8221; header_text_shadow_blur_strength=&#8221;header_text_shadow_style,%91object Object%93&#8243; header_text_shadow_blur_strength_tablet=&#8221;1px&#8221; header_2_text_shadow_horizontal_length=&#8221;header_2_text_shadow_style,%91object Object%93&#8243; header_2_text_shadow_horizontal_length_tablet=&#8221;0px&#8221; header_2_text_shadow_vertical_length=&#8221;header_2_text_shadow_style,%91object Object%93&#8243; header_2_text_shadow_vertical_length_tablet=&#8221;0px&#8221; header_2_text_shadow_blur_strength=&#8221;header_2_text_shadow_style,%91object Object%93&#8243; header_2_text_shadow_blur_strength_tablet=&#8221;1px&#8221; header_3_text_shadow_horizontal_length=&#8221;header_3_text_shadow_style,%91object Object%93&#8243; header_3_text_shadow_horizontal_length_tablet=&#8221;0px&#8221; header_3_text_shadow_vertical_length=&#8221;header_3_text_shadow_style,%91object Object%93&#8243; header_3_text_shadow_vertical_length_tablet=&#8221;0px&#8221; header_3_text_shadow_blur_strength=&#8221;header_3_text_shadow_style,%91object Object%93&#8243; header_3_text_shadow_blur_strength_tablet=&#8221;1px&#8221; header_4_text_shadow_horizontal_length=&#8221;header_4_text_shadow_style,%91object Object%93&#8243; header_4_text_shadow_horizontal_length_tablet=&#8221;0px&#8221; header_4_text_shadow_vertical_length=&#8221;header_4_text_shadow_style,%91object Object%93&#8243; header_4_text_shadow_vertical_length_tablet=&#8221;0px&#8221; header_4_text_shadow_blur_strength=&#8221;header_4_text_shadow_style,%91object Object%93&#8243; header_4_text_shadow_blur_strength_tablet=&#8221;1px&#8221; header_5_text_shadow_horizontal_length=&#8221;header_5_text_shadow_style,%91object Object%93&#8243; header_5_text_shadow_horizontal_length_tablet=&#8221;0px&#8221; header_5_text_shadow_vertical_length=&#8221;header_5_text_shadow_style,%91object Object%93&#8243; header_5_text_shadow_vertical_length_tablet=&#8221;0px&#8221; header_5_text_shadow_blur_strength=&#8221;header_5_text_shadow_style,%91object Object%93&#8243; header_5_text_shadow_blur_strength_tablet=&#8221;1px&#8221; header_6_text_shadow_horizontal_length=&#8221;header_6_text_shadow_style,%91object Object%93&#8243; header_6_text_shadow_horizontal_length_tablet=&#8221;0px&#8221; header_6_text_shadow_vertical_length=&#8221;header_6_text_shadow_style,%91object Object%93&#8243; header_6_text_shadow_vertical_length_tablet=&#8221;0px&#8221; header_6_text_shadow_blur_strength=&#8221;header_6_text_shadow_style,%91object Object%93&#8243; header_6_text_shadow_blur_strength_tablet=&#8221;1px&#8221; box_shadow_horizontal_tablet=&#8221;0px&#8221; box_shadow_vertical_tablet=&#8221;0px&#8221; box_shadow_blur_tablet=&#8221;40px&#8221; box_shadow_spread_tablet=&#8221;0px&#8221; vertical_offset_tablet=&#8221;0&#8243; horizontal_offset_tablet=&#8221;0&#8243; z_index_tablet=&#8221;0&#8243; background_pattern_color=&#8221;rgba(0,0,0,0.2)&#8221; background_mask_color=&#8221;#ffffff&#8221;]<\/p>\n<p>Scientific Council of the Mammal Research Institute Polish Academy of Sciences<br \/>Term 2023-2026<\/p>\n<p><strong>President:<\/strong><br \/>Prof. dr hab. Henryk Okarma<br \/>Institute of Nature Conservation PAS<\/p>\n<p><strong>Deputy Presidents:<\/strong><br \/>Prof. dr hab. Wies\u0142aw Bogdanowicz<br \/>Museum and Institute of Zoology PAS<\/p>\n<p>Dr hab. Marta Ko\u0142odziej-Soboci\u0144ska \u2013 Professor MRI PAS<br \/>Mammal Research Institute PAS<\/p>\n<p><strong>Secretary of the Council:<\/strong><br \/>Dr Anna Wereszczuk<br \/>Mammal Research Institute PAS<\/p>\n<p><strong>The Presidium of the Council consists of the President, two Deputies, and the Secretary of the Council.<\/strong><\/p>\n<p>Members of the Polish Academy of Sciences<\/p>\n<p>Prof. dr hab. Marek Konarzewski<br \/>University of Bialystok<\/p>\n<p>Prof. dr hab. Jan Koz\u0142owski<br \/>Jagiellonian University<\/p>\n<p>Prof. dr hab. Henryk Okarma<br \/>Institute of Nature Conservation PAS<\/p>\n<p>Prof. dr hab. Jacek Radwan,<br \/>Adam Mickiewicz University<\/p>\n<p>Prof. dr hab. January Weiner<br \/>Jagiellonian University<\/p>\n<p><strong>Representatives of individuals with an academic title or a doctoral degree (habilitation or PhD) not employed at the Mammal Research Institute Polish Academy of Sciences (MRI PAS)<\/strong><\/p>\n<p>Prof. dr hab. Wies\u0142aw Bogdanowicz<br \/>Museum and Institute of Zoology PAS<\/p>\n<p>Dr hab. Anetta Borkowska \u2013 Professor UB<br \/>University of Bialystok<\/p>\n<p>Dr hab. Marcin Brzezi\u0144ski<br \/>University of Warsaw<\/p>\n<p>Dr hab. Przemys\u0142aw Chylarecki \u2013 Professor MIZ PAS<br \/>Museum and Institute of Zoology PAS<\/p>\n<p>Prof. dr hab. Pawe\u0142 Koteja<br \/>Jagiellonian University<\/p>\n<p>Dr hab. Ma\u0142gorzata Kruczek \u2013 Professor JU<br \/>Jagiellonian University<\/p>\n<p>Prof. Grzegorz Mikusi\u0144ski<br \/>Swedish University of Agricultural Sciences<\/p>\n<p>Dr hab. Nuria Selva \u2013 Professor INC PAS<br \/>Institute of Nature Conservation PAS<\/p>\n<p>Prof. dr hab. Jacek M. Szymura<br \/>Jagiellonian University<\/p>\n<p>Prof. dr hab. Mieczys\u0142aw Wolsan<br \/>Museum and Institute of Zoology PAS<\/p>\n<p>Director and Deputy Director for Scientific Affairs<br \/>Dr hab. Micha\u0142 \u017bmihorski \u2013 Professor MRI PAS<\/p>\n<p>Dr hab. Tomasz Borowik<\/p>\n<p><strong>Representatives of individuals with an academic title or a doctoral degree (habilitation or PhD) employed at the Mammal Research Institute Polish Academy of Sciences (MRI PAS)<\/strong><\/p>\n<p>Prof. dr hab. Rafa\u0142 Kowalczyk<\/p>\n<p>Dr hab. Dries Kuijper \u2013 Professor MRI PAS<\/p>\n<p>Dr hab. Magdalena Niedzia\u0142kowska \u2013 Professor MRI PAS<\/p>\n<p>Dr hab. Ireneusz Ruczy\u0144ski \u2013 Professor MRI PAS<\/p>\n<p>Dr hab. Tomasz Samojlik<\/p>\n<p>Prof. dr hab. Krzysztof Schmidt<\/p>\n<p>Dr hab. Ma\u0142gorzata Tokarska \u2013 Professor MRI PAS<\/p>\n<p>Prof. dr hab. Jan M. W\u00f3jcik<\/p>\n<p>Prof. dr hab. Andrzej Zalewski<\/p>\n<p>Dr hab. Karol Zub \u2013 Professor MRI PAS<\/p>\n<p><strong>Representative of post-doctoral researchers without habilitation<\/strong><br \/>Dr Jakub Bubnicki<\/p>\n<p>Dr Anna Wereszczuk<\/p>\n<p><strong>Representative of PhD students of the BioPlanet Doctoral School at MRI PAS<\/strong><\/p>\n<p>Mgr Beata Bramorska<\/p>\n<p>[\/et_pb_text][\/et_pb_column_inner][\/et_pb_row_inner][\/et_pb_column][\/et_pb_section]<\/p>\n","protected":false},"excerpt":{"rendered":"<p>Members of Scientific Council of Institute (2023-2026) Scientific Council of the Mammal Research Institute Polish Academy of SciencesTerm 2023-2026President:Prof. dr hab. Henryk OkarmaInstitute of Nature Conservation PASDeputy Presidents:Prof. dr hab. Wies\u0142aw BogdanowiczMuseum and Institute of Zoology PASDr hab. Marta Ko\u0142odziej-Soboci\u0144ska \u2013 Professor MRI PASMammal Research Institute PASSecretary of the Council:Dr Anna WereszczukMammal Research Institute PASThe [&hellip;]<\/p>\n","protected":false},"author":1,"featured_media":0,"parent":0,"menu_order":0,"comment_status":"closed","ping_status":"closed","template":"","meta":{"_et_pb_use_builder":"on","_et_pb_old_content":"","_et_gb_content_width":"","footnotes":""},"class_list":["post-8111","page","type-page","status-publish","hentry"],"yoast_head":"<!-- This site is optimized with the Yoast SEO plugin v27.4 - https:\/\/yoast.com\/product\/yoast-seo-wordpress\/ -->\n<title>Members of Scientific Council of Institute (2023-2026) - Mammal Research Institute<\/title>\n<meta name=\"robots\" content=\"index, follow, max-snippet:-1, max-image-preview:large, max-video-preview:-1\" \/>\n<link rel=\"canonical\" href=\"https:\/\/ibs.bialowieza.pl\/en\/members-of-scientific-council-of-institute\/\" \/>\n<meta property=\"og:locale\" content=\"en_US\" \/>\n<meta property=\"og:type\" content=\"article\" \/>\n<meta property=\"og:title\" content=\"Members of Scientific Council of Institute (2023-2026) - Mammal Research Institute\" \/>\n<meta property=\"og:description\" content=\"Members of Scientific Council of Institute (2023-2026) Scientific Council of the Mammal Research Institute Polish Academy of SciencesTerm 2023-2026President:Prof. dr hab. Henryk OkarmaInstitute of Nature Conservation PASDeputy Presidents:Prof. dr hab. Wies\u0142aw BogdanowiczMuseum and Institute of Zoology PASDr hab. Marta Ko\u0142odziej-Soboci\u0144ska \u2013 Professor MRI PASMammal Research Institute PASSecretary of the Council:Dr Anna WereszczukMammal Research Institute PASThe [&hellip;]\" \/>\n<meta property=\"og:url\" content=\"https:\/\/ibs.bialowieza.pl\/en\/members-of-scientific-council-of-institute\/\" \/>\n<meta property=\"og:site_name\" content=\"Mammal Research Institute\" \/>\n<meta property=\"article:modified_time\" content=\"2024-11-26T10:37:35+00:00\" \/>\n<meta name=\"twitter:card\" content=\"summary_large_image\" \/>\n<meta name=\"twitter:label1\" content=\"Est. reading time\" \/>\n\t<meta name=\"twitter:data1\" content=\"7 minutes\" \/>\n<script type=\"application\/ld+json\" class=\"yoast-schema-graph\">{\"@context\":\"https:\\\/\\\/schema.org\",\"@graph\":[{\"@type\":\"WebPage\",\"@id\":\"https:\\\/\\\/ibs.bialowieza.pl\\\/en\\\/members-of-scientific-council-of-institute\\\/\",\"url\":\"https:\\\/\\\/ibs.bialowieza.pl\\\/en\\\/members-of-scientific-council-of-institute\\\/\",\"name\":\"Members of Scientific Council of Institute (2023-2026) - Mammal Research Institute\",\"isPartOf\":{\"@id\":\"https:\\\/\\\/ibs.bialowieza.pl\\\/en\\\/#website\"},\"datePublished\":\"2019-04-19T06:15:43+00:00\",\"dateModified\":\"2024-11-26T10:37:35+00:00\",\"breadcrumb\":{\"@id\":\"https:\\\/\\\/ibs.bialowieza.pl\\\/en\\\/members-of-scientific-council-of-institute\\\/#breadcrumb\"},\"inLanguage\":\"en-US\",\"potentialAction\":[{\"@type\":\"ReadAction\",\"target\":[\"https:\\\/\\\/ibs.bialowieza.pl\\\/en\\\/members-of-scientific-council-of-institute\\\/\"]}]},{\"@type\":\"BreadcrumbList\",\"@id\":\"https:\\\/\\\/ibs.bialowieza.pl\\\/en\\\/members-of-scientific-council-of-institute\\\/#breadcrumb\",\"itemListElement\":[{\"@type\":\"ListItem\",\"position\":1,\"name\":\"Homepage\",\"item\":\"https:\\\/\\\/ibs.bialowieza.pl\\\/en\\\/\"},{\"@type\":\"ListItem\",\"position\":2,\"name\":\"Members of Scientific Council of Institute (2023-2026)\"}]},{\"@type\":\"WebSite\",\"@id\":\"https:\\\/\\\/ibs.bialowieza.pl\\\/en\\\/#website\",\"url\":\"https:\\\/\\\/ibs.bialowieza.pl\\\/en\\\/\",\"name\":\"Mammal Research Institute\",\"description\":\"Mammal Research Institute\",\"potentialAction\":[{\"@type\":\"SearchAction\",\"target\":{\"@type\":\"EntryPoint\",\"urlTemplate\":\"https:\\\/\\\/ibs.bialowieza.pl\\\/en\\\/?s={search_term_string}\"},\"query-input\":{\"@type\":\"PropertyValueSpecification\",\"valueRequired\":true,\"valueName\":\"search_term_string\"}}],\"inLanguage\":\"en-US\"}]}<\/script>\n<!-- \/ Yoast SEO plugin. -->","yoast_head_json":{"title":"Members of Scientific Council of Institute (2023-2026) - Mammal Research Institute","robots":{"index":"index","follow":"follow","max-snippet":"max-snippet:-1","max-image-preview":"max-image-preview:large","max-video-preview":"max-video-preview:-1"},"canonical":"https:\/\/ibs.bialowieza.pl\/en\/members-of-scientific-council-of-institute\/","og_locale":"en_US","og_type":"article","og_title":"Members of Scientific Council of Institute (2023-2026) - Mammal Research Institute","og_description":"Members of Scientific Council of Institute (2023-2026) Scientific Council of the Mammal Research Institute Polish Academy of SciencesTerm 2023-2026President:Prof. dr hab. Henryk OkarmaInstitute of Nature Conservation PASDeputy Presidents:Prof. dr hab. Wies\u0142aw BogdanowiczMuseum and Institute of Zoology PASDr hab. Marta Ko\u0142odziej-Soboci\u0144ska \u2013 Professor MRI PASMammal Research Institute PASSecretary of the Council:Dr Anna WereszczukMammal Research Institute PASThe [&hellip;]","og_url":"https:\/\/ibs.bialowieza.pl\/en\/members-of-scientific-council-of-institute\/","og_site_name":"Mammal Research Institute","article_modified_time":"2024-11-26T10:37:35+00:00","twitter_card":"summary_large_image","twitter_misc":{"Est. reading time":"7 minutes"},"schema":{"@context":"https:\/\/schema.org","@graph":[{"@type":"WebPage","@id":"https:\/\/ibs.bialowieza.pl\/en\/members-of-scientific-council-of-institute\/","url":"https:\/\/ibs.bialowieza.pl\/en\/members-of-scientific-council-of-institute\/","name":"Members of Scientific Council of Institute (2023-2026) - Mammal Research Institute","isPartOf":{"@id":"https:\/\/ibs.bialowieza.pl\/en\/#website"},"datePublished":"2019-04-19T06:15:43+00:00","dateModified":"2024-11-26T10:37:35+00:00","breadcrumb":{"@id":"https:\/\/ibs.bialowieza.pl\/en\/members-of-scientific-council-of-institute\/#breadcrumb"},"inLanguage":"en-US","potentialAction":[{"@type":"ReadAction","target":["https:\/\/ibs.bialowieza.pl\/en\/members-of-scientific-council-of-institute\/"]}]},{"@type":"BreadcrumbList","@id":"https:\/\/ibs.bialowieza.pl\/en\/members-of-scientific-council-of-institute\/#breadcrumb","itemListElement":[{"@type":"ListItem","position":1,"name":"Homepage","item":"https:\/\/ibs.bialowieza.pl\/en\/"},{"@type":"ListItem","position":2,"name":"Members of Scientific Council of Institute (2023-2026)"}]},{"@type":"WebSite","@id":"https:\/\/ibs.bialowieza.pl\/en\/#website","url":"https:\/\/ibs.bialowieza.pl\/en\/","name":"Mammal Research Institute","description":"Mammal Research Institute","potentialAction":[{"@type":"SearchAction","target":{"@type":"EntryPoint","urlTemplate":"https:\/\/ibs.bialowieza.pl\/en\/?s={search_term_string}"},"query-input":{"@type":"PropertyValueSpecification","valueRequired":true,"valueName":"search_term_string"}}],"inLanguage":"en-US"}]}},"_links":{"self":[{"href":"https:\/\/ibs.bialowieza.pl\/en\/wp-json\/wp\/v2\/pages\/8111","targetHints":{"allow":["GET"]}}],"collection":[{"href":"https:\/\/ibs.bialowieza.pl\/en\/wp-json\/wp\/v2\/pages"}],"about":[{"href":"https:\/\/ibs.bialowieza.pl\/en\/wp-json\/wp\/v2\/types\/page"}],"author":[{"embeddable":true,"href":"https:\/\/ibs.bialowieza.pl\/en\/wp-json\/wp\/v2\/users\/1"}],"replies":[{"embeddable":true,"href":"https:\/\/ibs.bialowieza.pl\/en\/wp-json\/wp\/v2\/comments?post=8111"}],"version-history":[{"count":8,"href":"https:\/\/ibs.bialowieza.pl\/en\/wp-json\/wp\/v2\/pages\/8111\/revisions"}],"predecessor-version":[{"id":9358,"href":"https:\/\/ibs.bialowieza.pl\/en\/wp-json\/wp\/v2\/pages\/8111\/revisions\/9358"}],"wp:attachment":[{"href":"https:\/\/ibs.bialowieza.pl\/en\/wp-json\/wp\/v2\/media?parent=8111"}],"curies":[{"name":"wp","href":"https:\/\/api.w.org\/{rel}","templated":true}]}}