{"id":8381,"date":"2019-05-06T11:01:43","date_gmt":"2019-05-06T09:01:43","guid":{"rendered":"https:\/\/ibs.bialowieza.pl\/en\/?post_type=product&#038;p=8381"},"modified":"2019-05-14T12:01:22","modified_gmt":"2019-05-14T10:01:22","slug":"european-bison-the-nature-monograph","status":"publish","type":"product","link":"https:\/\/ibs.bialowieza.pl\/en\/product\/european-bison-the-nature-monograph\/","title":{"rendered":"European Bison The Nature Monograph"},"content":{"rendered":"<p>The mighty and majestic European bison is the relictual embodiment of the wildness of prehistoric Europe. Tragically, the millennia since that time have seen so many species driven to extinction by human impacts, and the European bison has only narrowly avoided the same fate. Today, the species represents the symbolic sentinel of successful conservation actions in a world in which such achievements remain few and far between.<\/p>\n<p>From an early stage in the restitution of the European bison, husband-and-wife team Ma\u0142gorzata Krasi\u0144ska and Zbigniew A. Krasi\u0144ski have been participating in relevant management initiatives and researching all facets of the bison, from its morphology and diet, to its movements, social life and reproduction, and the conservation management actions that have been taken to save it. Now they have summarised this wealth of knowledge on the species, giving rise to a publication ideal for students, professional biologists and conservationists, but also for all nature enthusiasts.<\/p>\n","protected":false},"excerpt":{"rendered":"<p>The mighty and majestic European bison is the relictual embodiment of the wildness of prehistoric Europe. Tragically, the millennia since that time have seen so many species driven to extinction by human impacts, and the European bison has only narrowly avoided the same fate. Today, the species represents the symbolic sentinel of successful conservation actions [&hellip;]<\/p>\n","protected":false},"featured_media":8382,"template":"","meta":{"_et_pb_use_builder":"","_et_pb_old_content":"","_et_gb_content_width":""},"product_brand":[],"product_cat":[31],"product_tag":[],"class_list":{"0":"post-8381","1":"product","2":"type-product","3":"status-publish","4":"has-post-thumbnail","6":"product_cat-books","8":"first","9":"instock","10":"taxable","11":"shipping-taxable","12":"purchasable","13":"product-type-simple"},"yoast_head":"<!-- This site is optimized with the Yoast SEO plugin v27.4 - https:\/\/yoast.com\/product\/yoast-seo-wordpress\/ -->\n<title>European Bison The Nature Monograph - Mammal Research Institute<\/title>\n<meta name=\"robots\" content=\"index, follow, max-snippet:-1, max-image-preview:large, max-video-preview:-1\" \/>\n<link rel=\"canonical\" href=\"https:\/\/ibs.bialowieza.pl\/en\/product\/european-bison-the-nature-monograph\/\" \/>\n<meta property=\"og:locale\" content=\"en_US\" \/>\n<meta property=\"og:type\" content=\"article\" \/>\n<meta property=\"og:title\" content=\"European Bison The Nature Monograph - Mammal Research Institute\" \/>\n<meta property=\"og:description\" content=\"The mighty and majestic European bison is the relictual embodiment of the wildness of prehistoric Europe. Tragically, the millennia since that time have seen so many species driven to extinction by human impacts, and the European bison has only narrowly avoided the same fate. Today, the species represents the symbolic sentinel of successful conservation actions [&hellip;]\" \/>\n<meta property=\"og:url\" content=\"https:\/\/ibs.bialowieza.pl\/en\/product\/european-bison-the-nature-monograph\/\" \/>\n<meta property=\"og:site_name\" content=\"Mammal Research Institute\" \/>\n<meta property=\"article:modified_time\" content=\"2019-05-14T10:01:22+00:00\" \/>\n<meta property=\"og:image\" content=\"https:\/\/ibs.bialowieza.pl\/en\/wp-content\/uploads\/sites\/2\/2019\/05\/d0ffe58f91df37a1ae0ecf9bf77618c2-1.jpg\" \/>\n\t<meta property=\"og:image:width\" content=\"421\" \/>\n\t<meta property=\"og:image:height\" content=\"600\" \/>\n\t<meta property=\"og:image:type\" content=\"image\/jpeg\" \/>\n<meta name=\"twitter:card\" content=\"summary_large_image\" \/>\n<meta name=\"twitter:label1\" content=\"Est. reading time\" \/>\n\t<meta name=\"twitter:data1\" content=\"1 minute\" \/>\n<script type=\"application\/ld+json\" class=\"yoast-schema-graph\">{\"@context\":\"https:\\\/\\\/schema.org\",\"@graph\":[{\"@type\":\"WebPage\",\"@id\":\"https:\\\/\\\/ibs.bialowieza.pl\\\/en\\\/product\\\/european-bison-the-nature-monograph\\\/\",\"url\":\"https:\\\/\\\/ibs.bialowieza.pl\\\/en\\\/product\\\/european-bison-the-nature-monograph\\\/\",\"name\":\"European Bison The Nature Monograph - Mammal Research Institute\",\"isPartOf\":{\"@id\":\"https:\\\/\\\/ibs.bialowieza.pl\\\/en\\\/#website\"},\"primaryImageOfPage\":{\"@id\":\"https:\\\/\\\/ibs.bialowieza.pl\\\/en\\\/product\\\/european-bison-the-nature-monograph\\\/#primaryimage\"},\"image\":{\"@id\":\"https:\\\/\\\/ibs.bialowieza.pl\\\/en\\\/product\\\/european-bison-the-nature-monograph\\\/#primaryimage\"},\"thumbnailUrl\":\"https:\\\/\\\/ibs.bialowieza.pl\\\/en\\\/wp-content\\\/uploads\\\/sites\\\/2\\\/2019\\\/05\\\/d0ffe58f91df37a1ae0ecf9bf77618c2-1.jpg\",\"datePublished\":\"2019-05-06T09:01:43+00:00\",\"dateModified\":\"2019-05-14T10:01:22+00:00\",\"breadcrumb\":{\"@id\":\"https:\\\/\\\/ibs.bialowieza.pl\\\/en\\\/product\\\/european-bison-the-nature-monograph\\\/#breadcrumb\"},\"inLanguage\":\"en-US\",\"potentialAction\":[{\"@type\":\"ReadAction\",\"target\":[\"https:\\\/\\\/ibs.bialowieza.pl\\\/en\\\/product\\\/european-bison-the-nature-monograph\\\/\"]}]},{\"@type\":\"ImageObject\",\"inLanguage\":\"en-US\",\"@id\":\"https:\\\/\\\/ibs.bialowieza.pl\\\/en\\\/product\\\/european-bison-the-nature-monograph\\\/#primaryimage\",\"url\":\"https:\\\/\\\/ibs.bialowieza.pl\\\/en\\\/wp-content\\\/uploads\\\/sites\\\/2\\\/2019\\\/05\\\/d0ffe58f91df37a1ae0ecf9bf77618c2-1.jpg\",\"contentUrl\":\"https:\\\/\\\/ibs.bialowieza.pl\\\/en\\\/wp-content\\\/uploads\\\/sites\\\/2\\\/2019\\\/05\\\/d0ffe58f91df37a1ae0ecf9bf77618c2-1.jpg\",\"width\":421,\"height\":600},{\"@type\":\"BreadcrumbList\",\"@id\":\"https:\\\/\\\/ibs.bialowieza.pl\\\/en\\\/product\\\/european-bison-the-nature-monograph\\\/#breadcrumb\",\"itemListElement\":[{\"@type\":\"ListItem\",\"position\":1,\"name\":\"Homepage\",\"item\":\"https:\\\/\\\/ibs.bialowieza.pl\\\/en\\\/\"},{\"@type\":\"ListItem\",\"position\":2,\"name\":\"Books\",\"item\":\"https:\\\/\\\/ibs.bialowieza.pl\\\/en\\\/books\\\/\"},{\"@type\":\"ListItem\",\"position\":3,\"name\":\"European Bison The Nature Monograph\"}]},{\"@type\":\"WebSite\",\"@id\":\"https:\\\/\\\/ibs.bialowieza.pl\\\/en\\\/#website\",\"url\":\"https:\\\/\\\/ibs.bialowieza.pl\\\/en\\\/\",\"name\":\"Mammal Research Institute\",\"description\":\"Mammal Research Institute\",\"potentialAction\":[{\"@type\":\"SearchAction\",\"target\":{\"@type\":\"EntryPoint\",\"urlTemplate\":\"https:\\\/\\\/ibs.bialowieza.pl\\\/en\\\/?s={search_term_string}\"},\"query-input\":{\"@type\":\"PropertyValueSpecification\",\"valueRequired\":true,\"valueName\":\"search_term_string\"}}],\"inLanguage\":\"en-US\"}]}<\/script>\n<!-- \/ Yoast SEO plugin. -->","yoast_head_json":{"title":"European Bison The Nature Monograph - Mammal Research Institute","robots":{"index":"index","follow":"follow","max-snippet":"max-snippet:-1","max-image-preview":"max-image-preview:large","max-video-preview":"max-video-preview:-1"},"canonical":"https:\/\/ibs.bialowieza.pl\/en\/product\/european-bison-the-nature-monograph\/","og_locale":"en_US","og_type":"article","og_title":"European Bison The Nature Monograph - Mammal Research Institute","og_description":"The mighty and majestic European bison is the relictual embodiment of the wildness of prehistoric Europe. Tragically, the millennia since that time have seen so many species driven to extinction by human impacts, and the European bison has only narrowly avoided the same fate. Today, the species represents the symbolic sentinel of successful conservation actions [&hellip;]","og_url":"https:\/\/ibs.bialowieza.pl\/en\/product\/european-bison-the-nature-monograph\/","og_site_name":"Mammal Research Institute","article_modified_time":"2019-05-14T10:01:22+00:00","og_image":[{"width":421,"height":600,"url":"https:\/\/ibs.bialowieza.pl\/en\/wp-content\/uploads\/sites\/2\/2019\/05\/d0ffe58f91df37a1ae0ecf9bf77618c2-1.jpg","type":"image\/jpeg"}],"twitter_card":"summary_large_image","twitter_misc":{"Est. reading time":"1 minute"},"schema":{"@context":"https:\/\/schema.org","@graph":[{"@type":"WebPage","@id":"https:\/\/ibs.bialowieza.pl\/en\/product\/european-bison-the-nature-monograph\/","url":"https:\/\/ibs.bialowieza.pl\/en\/product\/european-bison-the-nature-monograph\/","name":"European Bison The Nature Monograph - Mammal Research Institute","isPartOf":{"@id":"https:\/\/ibs.bialowieza.pl\/en\/#website"},"primaryImageOfPage":{"@id":"https:\/\/ibs.bialowieza.pl\/en\/product\/european-bison-the-nature-monograph\/#primaryimage"},"image":{"@id":"https:\/\/ibs.bialowieza.pl\/en\/product\/european-bison-the-nature-monograph\/#primaryimage"},"thumbnailUrl":"https:\/\/ibs.bialowieza.pl\/en\/wp-content\/uploads\/sites\/2\/2019\/05\/d0ffe58f91df37a1ae0ecf9bf77618c2-1.jpg","datePublished":"2019-05-06T09:01:43+00:00","dateModified":"2019-05-14T10:01:22+00:00","breadcrumb":{"@id":"https:\/\/ibs.bialowieza.pl\/en\/product\/european-bison-the-nature-monograph\/#breadcrumb"},"inLanguage":"en-US","potentialAction":[{"@type":"ReadAction","target":["https:\/\/ibs.bialowieza.pl\/en\/product\/european-bison-the-nature-monograph\/"]}]},{"@type":"ImageObject","inLanguage":"en-US","@id":"https:\/\/ibs.bialowieza.pl\/en\/product\/european-bison-the-nature-monograph\/#primaryimage","url":"https:\/\/ibs.bialowieza.pl\/en\/wp-content\/uploads\/sites\/2\/2019\/05\/d0ffe58f91df37a1ae0ecf9bf77618c2-1.jpg","contentUrl":"https:\/\/ibs.bialowieza.pl\/en\/wp-content\/uploads\/sites\/2\/2019\/05\/d0ffe58f91df37a1ae0ecf9bf77618c2-1.jpg","width":421,"height":600},{"@type":"BreadcrumbList","@id":"https:\/\/ibs.bialowieza.pl\/en\/product\/european-bison-the-nature-monograph\/#breadcrumb","itemListElement":[{"@type":"ListItem","position":1,"name":"Homepage","item":"https:\/\/ibs.bialowieza.pl\/en\/"},{"@type":"ListItem","position":2,"name":"Books","item":"https:\/\/ibs.bialowieza.pl\/en\/books\/"},{"@type":"ListItem","position":3,"name":"European Bison The Nature Monograph"}]},{"@type":"WebSite","@id":"https:\/\/ibs.bialowieza.pl\/en\/#website","url":"https:\/\/ibs.bialowieza.pl\/en\/","name":"Mammal Research Institute","description":"Mammal Research Institute","potentialAction":[{"@type":"SearchAction","target":{"@type":"EntryPoint","urlTemplate":"https:\/\/ibs.bialowieza.pl\/en\/?s={search_term_string}"},"query-input":{"@type":"PropertyValueSpecification","valueRequired":true,"valueName":"search_term_string"}}],"inLanguage":"en-US"}]}},"_links":{"self":[{"href":"https:\/\/ibs.bialowieza.pl\/en\/wp-json\/wp\/v2\/product\/8381","targetHints":{"allow":["GET"]}}],"collection":[{"href":"https:\/\/ibs.bialowieza.pl\/en\/wp-json\/wp\/v2\/product"}],"about":[{"href":"https:\/\/ibs.bialowieza.pl\/en\/wp-json\/wp\/v2\/types\/product"}],"wp:featuredmedia":[{"embeddable":true,"href":"https:\/\/ibs.bialowieza.pl\/en\/wp-json\/wp\/v2\/media\/8382"}],"wp:attachment":[{"href":"https:\/\/ibs.bialowieza.pl\/en\/wp-json\/wp\/v2\/media?parent=8381"}],"wp:term":[{"taxonomy":"product_brand","embeddable":true,"href":"https:\/\/ibs.bialowieza.pl\/en\/wp-json\/wp\/v2\/product_brand?post=8381"},{"taxonomy":"product_cat","embeddable":true,"href":"https:\/\/ibs.bialowieza.pl\/en\/wp-json\/wp\/v2\/product_cat?post=8381"},{"taxonomy":"product_tag","embeddable":true,"href":"https:\/\/ibs.bialowieza.pl\/en\/wp-json\/wp\/v2\/product_tag?post=8381"}],"curies":[{"name":"wp","href":"https:\/\/api.w.org\/{rel}","templated":true}]}}