{"id":8389,"date":"2019-05-06T13:10:24","date_gmt":"2019-05-06T11:10:24","guid":{"rendered":"https:\/\/ibs.bialowieza.pl\/en\/?post_type=product&#038;p=8389"},"modified":"2019-05-14T11:58:37","modified_gmt":"2019-05-14T09:58:37","slug":"conservation-and-hunting-bialowieza-forest-in-the-time-of-kings","status":"publish","type":"product","link":"https:\/\/ibs.bialowieza.pl\/en\/product\/conservation-and-hunting-bialowieza-forest-in-the-time-of-kings\/","title":{"rendered":"Conservation and hunting. Bia\u0142owie\u017ca Forest in the Time of Kings"},"content":{"rendered":"<p>Bia\u0142owie\u017ca Forest has survived thanks to both its status as a royal property, and because of special protection over the centuries. This last fragment of European primeval forest is not only a treasure of natural heritage but also a cultural legacy from our forefathers.<br \/>\nThis book is based on the results of the most recent research in the history of the Forest\u2019s natural environment. It reveals some events from the old times: royal hunts, the fate of the hunting manors in Bia\u0142owie\u017ca, as well as the ups and downs of European bison protection initiatives. It shows various efforts and how effective they were in reaching a compromise between protecting nature and taking advantage of it.<\/p>\n","protected":false},"excerpt":{"rendered":"<p>Bia\u0142owie\u017ca Forest has survived thanks to both its status as a royal property, and because of special protection over the centuries. This last fragment of European primeval forest is not only a treasure of natural heritage but also a cultural legacy from our forefathers. This book is based on the results of the most recent [&hellip;]<\/p>\n","protected":false},"featured_media":8390,"template":"","meta":{"_et_pb_use_builder":"","_et_pb_old_content":"","_et_gb_content_width":""},"product_brand":[],"product_cat":[31],"product_tag":[],"class_list":{"0":"post-8389","1":"product","2":"type-product","3":"status-publish","4":"has-post-thumbnail","6":"product_cat-books","8":"first","9":"instock","10":"taxable","11":"shipping-taxable","12":"purchasable","13":"product-type-simple"},"yoast_head":"<!-- This site is optimized with the Yoast SEO plugin v27.3 - https:\/\/yoast.com\/product\/yoast-seo-wordpress\/ -->\n<title>Conservation and hunting. Bia\u0142owie\u017ca Forest in the Time of Kings - Mammal Research Institute<\/title>\n<meta name=\"robots\" content=\"index, follow, max-snippet:-1, max-image-preview:large, max-video-preview:-1\" \/>\n<link rel=\"canonical\" href=\"https:\/\/ibs.bialowieza.pl\/en\/product\/conservation-and-hunting-bialowieza-forest-in-the-time-of-kings\/\" \/>\n<meta property=\"og:locale\" content=\"en_US\" \/>\n<meta property=\"og:type\" content=\"article\" \/>\n<meta property=\"og:title\" content=\"Conservation and hunting. Bia\u0142owie\u017ca Forest in the Time of Kings - Mammal Research Institute\" \/>\n<meta property=\"og:description\" content=\"Bia\u0142owie\u017ca Forest has survived thanks to both its status as a royal property, and because of special protection over the centuries. This last fragment of European primeval forest is not only a treasure of natural heritage but also a cultural legacy from our forefathers. This book is based on the results of the most recent [&hellip;]\" \/>\n<meta property=\"og:url\" content=\"https:\/\/ibs.bialowieza.pl\/en\/product\/conservation-and-hunting-bialowieza-forest-in-the-time-of-kings\/\" \/>\n<meta property=\"og:site_name\" content=\"Mammal Research Institute\" \/>\n<meta property=\"article:modified_time\" content=\"2019-05-14T09:58:37+00:00\" \/>\n<meta property=\"og:image\" content=\"https:\/\/ibs.bialowieza.pl\/en\/wp-content\/uploads\/sites\/2\/2019\/05\/851deb92ff4ed88d02fa85ec06f7391c.jpg\" \/>\n\t<meta property=\"og:image:width\" content=\"414\" \/>\n\t<meta property=\"og:image:height\" content=\"600\" \/>\n\t<meta property=\"og:image:type\" content=\"image\/jpeg\" \/>\n<meta name=\"twitter:card\" content=\"summary_large_image\" \/>\n<meta name=\"twitter:label1\" content=\"Est. reading time\" \/>\n\t<meta name=\"twitter:data1\" content=\"1 minute\" \/>\n<script type=\"application\/ld+json\" class=\"yoast-schema-graph\">{\"@context\":\"https:\\\/\\\/schema.org\",\"@graph\":[{\"@type\":\"WebPage\",\"@id\":\"https:\\\/\\\/ibs.bialowieza.pl\\\/en\\\/product\\\/conservation-and-hunting-bialowieza-forest-in-the-time-of-kings\\\/\",\"url\":\"https:\\\/\\\/ibs.bialowieza.pl\\\/en\\\/product\\\/conservation-and-hunting-bialowieza-forest-in-the-time-of-kings\\\/\",\"name\":\"Conservation and hunting. Bia\u0142owie\u017ca Forest in the Time of Kings - Mammal Research Institute\",\"isPartOf\":{\"@id\":\"https:\\\/\\\/ibs.bialowieza.pl\\\/en\\\/#website\"},\"primaryImageOfPage\":{\"@id\":\"https:\\\/\\\/ibs.bialowieza.pl\\\/en\\\/product\\\/conservation-and-hunting-bialowieza-forest-in-the-time-of-kings\\\/#primaryimage\"},\"image\":{\"@id\":\"https:\\\/\\\/ibs.bialowieza.pl\\\/en\\\/product\\\/conservation-and-hunting-bialowieza-forest-in-the-time-of-kings\\\/#primaryimage\"},\"thumbnailUrl\":\"https:\\\/\\\/ibs.bialowieza.pl\\\/en\\\/wp-content\\\/uploads\\\/sites\\\/2\\\/2019\\\/05\\\/851deb92ff4ed88d02fa85ec06f7391c.jpg\",\"datePublished\":\"2019-05-06T11:10:24+00:00\",\"dateModified\":\"2019-05-14T09:58:37+00:00\",\"breadcrumb\":{\"@id\":\"https:\\\/\\\/ibs.bialowieza.pl\\\/en\\\/product\\\/conservation-and-hunting-bialowieza-forest-in-the-time-of-kings\\\/#breadcrumb\"},\"inLanguage\":\"en-US\",\"potentialAction\":[{\"@type\":\"ReadAction\",\"target\":[\"https:\\\/\\\/ibs.bialowieza.pl\\\/en\\\/product\\\/conservation-and-hunting-bialowieza-forest-in-the-time-of-kings\\\/\"]}]},{\"@type\":\"ImageObject\",\"inLanguage\":\"en-US\",\"@id\":\"https:\\\/\\\/ibs.bialowieza.pl\\\/en\\\/product\\\/conservation-and-hunting-bialowieza-forest-in-the-time-of-kings\\\/#primaryimage\",\"url\":\"https:\\\/\\\/ibs.bialowieza.pl\\\/en\\\/wp-content\\\/uploads\\\/sites\\\/2\\\/2019\\\/05\\\/851deb92ff4ed88d02fa85ec06f7391c.jpg\",\"contentUrl\":\"https:\\\/\\\/ibs.bialowieza.pl\\\/en\\\/wp-content\\\/uploads\\\/sites\\\/2\\\/2019\\\/05\\\/851deb92ff4ed88d02fa85ec06f7391c.jpg\",\"width\":414,\"height\":600},{\"@type\":\"BreadcrumbList\",\"@id\":\"https:\\\/\\\/ibs.bialowieza.pl\\\/en\\\/product\\\/conservation-and-hunting-bialowieza-forest-in-the-time-of-kings\\\/#breadcrumb\",\"itemListElement\":[{\"@type\":\"ListItem\",\"position\":1,\"name\":\"Homepage\",\"item\":\"https:\\\/\\\/ibs.bialowieza.pl\\\/en\\\/\"},{\"@type\":\"ListItem\",\"position\":2,\"name\":\"Books\",\"item\":\"https:\\\/\\\/ibs.bialowieza.pl\\\/en\\\/books\\\/\"},{\"@type\":\"ListItem\",\"position\":3,\"name\":\"Conservation and hunting. Bia\u0142owie\u017ca Forest in the Time of Kings\"}]},{\"@type\":\"WebSite\",\"@id\":\"https:\\\/\\\/ibs.bialowieza.pl\\\/en\\\/#website\",\"url\":\"https:\\\/\\\/ibs.bialowieza.pl\\\/en\\\/\",\"name\":\"Mammal Research Institute\",\"description\":\"Mammal Research Institute\",\"potentialAction\":[{\"@type\":\"SearchAction\",\"target\":{\"@type\":\"EntryPoint\",\"urlTemplate\":\"https:\\\/\\\/ibs.bialowieza.pl\\\/en\\\/?s={search_term_string}\"},\"query-input\":{\"@type\":\"PropertyValueSpecification\",\"valueRequired\":true,\"valueName\":\"search_term_string\"}}],\"inLanguage\":\"en-US\"}]}<\/script>\n<!-- \/ Yoast SEO plugin. -->","yoast_head_json":{"title":"Conservation and hunting. Bia\u0142owie\u017ca Forest in the Time of Kings - Mammal Research Institute","robots":{"index":"index","follow":"follow","max-snippet":"max-snippet:-1","max-image-preview":"max-image-preview:large","max-video-preview":"max-video-preview:-1"},"canonical":"https:\/\/ibs.bialowieza.pl\/en\/product\/conservation-and-hunting-bialowieza-forest-in-the-time-of-kings\/","og_locale":"en_US","og_type":"article","og_title":"Conservation and hunting. Bia\u0142owie\u017ca Forest in the Time of Kings - Mammal Research Institute","og_description":"Bia\u0142owie\u017ca Forest has survived thanks to both its status as a royal property, and because of special protection over the centuries. This last fragment of European primeval forest is not only a treasure of natural heritage but also a cultural legacy from our forefathers. This book is based on the results of the most recent [&hellip;]","og_url":"https:\/\/ibs.bialowieza.pl\/en\/product\/conservation-and-hunting-bialowieza-forest-in-the-time-of-kings\/","og_site_name":"Mammal Research Institute","article_modified_time":"2019-05-14T09:58:37+00:00","og_image":[{"width":414,"height":600,"url":"https:\/\/ibs.bialowieza.pl\/en\/wp-content\/uploads\/sites\/2\/2019\/05\/851deb92ff4ed88d02fa85ec06f7391c.jpg","type":"image\/jpeg"}],"twitter_card":"summary_large_image","twitter_misc":{"Est. reading time":"1 minute"},"schema":{"@context":"https:\/\/schema.org","@graph":[{"@type":"WebPage","@id":"https:\/\/ibs.bialowieza.pl\/en\/product\/conservation-and-hunting-bialowieza-forest-in-the-time-of-kings\/","url":"https:\/\/ibs.bialowieza.pl\/en\/product\/conservation-and-hunting-bialowieza-forest-in-the-time-of-kings\/","name":"Conservation and hunting. Bia\u0142owie\u017ca Forest in the Time of Kings - Mammal Research Institute","isPartOf":{"@id":"https:\/\/ibs.bialowieza.pl\/en\/#website"},"primaryImageOfPage":{"@id":"https:\/\/ibs.bialowieza.pl\/en\/product\/conservation-and-hunting-bialowieza-forest-in-the-time-of-kings\/#primaryimage"},"image":{"@id":"https:\/\/ibs.bialowieza.pl\/en\/product\/conservation-and-hunting-bialowieza-forest-in-the-time-of-kings\/#primaryimage"},"thumbnailUrl":"https:\/\/ibs.bialowieza.pl\/en\/wp-content\/uploads\/sites\/2\/2019\/05\/851deb92ff4ed88d02fa85ec06f7391c.jpg","datePublished":"2019-05-06T11:10:24+00:00","dateModified":"2019-05-14T09:58:37+00:00","breadcrumb":{"@id":"https:\/\/ibs.bialowieza.pl\/en\/product\/conservation-and-hunting-bialowieza-forest-in-the-time-of-kings\/#breadcrumb"},"inLanguage":"en-US","potentialAction":[{"@type":"ReadAction","target":["https:\/\/ibs.bialowieza.pl\/en\/product\/conservation-and-hunting-bialowieza-forest-in-the-time-of-kings\/"]}]},{"@type":"ImageObject","inLanguage":"en-US","@id":"https:\/\/ibs.bialowieza.pl\/en\/product\/conservation-and-hunting-bialowieza-forest-in-the-time-of-kings\/#primaryimage","url":"https:\/\/ibs.bialowieza.pl\/en\/wp-content\/uploads\/sites\/2\/2019\/05\/851deb92ff4ed88d02fa85ec06f7391c.jpg","contentUrl":"https:\/\/ibs.bialowieza.pl\/en\/wp-content\/uploads\/sites\/2\/2019\/05\/851deb92ff4ed88d02fa85ec06f7391c.jpg","width":414,"height":600},{"@type":"BreadcrumbList","@id":"https:\/\/ibs.bialowieza.pl\/en\/product\/conservation-and-hunting-bialowieza-forest-in-the-time-of-kings\/#breadcrumb","itemListElement":[{"@type":"ListItem","position":1,"name":"Homepage","item":"https:\/\/ibs.bialowieza.pl\/en\/"},{"@type":"ListItem","position":2,"name":"Books","item":"https:\/\/ibs.bialowieza.pl\/en\/books\/"},{"@type":"ListItem","position":3,"name":"Conservation and hunting. Bia\u0142owie\u017ca Forest in the Time of Kings"}]},{"@type":"WebSite","@id":"https:\/\/ibs.bialowieza.pl\/en\/#website","url":"https:\/\/ibs.bialowieza.pl\/en\/","name":"Mammal Research Institute","description":"Mammal Research Institute","potentialAction":[{"@type":"SearchAction","target":{"@type":"EntryPoint","urlTemplate":"https:\/\/ibs.bialowieza.pl\/en\/?s={search_term_string}"},"query-input":{"@type":"PropertyValueSpecification","valueRequired":true,"valueName":"search_term_string"}}],"inLanguage":"en-US"}]}},"_links":{"self":[{"href":"https:\/\/ibs.bialowieza.pl\/en\/wp-json\/wp\/v2\/product\/8389","targetHints":{"allow":["GET"]}}],"collection":[{"href":"https:\/\/ibs.bialowieza.pl\/en\/wp-json\/wp\/v2\/product"}],"about":[{"href":"https:\/\/ibs.bialowieza.pl\/en\/wp-json\/wp\/v2\/types\/product"}],"wp:featuredmedia":[{"embeddable":true,"href":"https:\/\/ibs.bialowieza.pl\/en\/wp-json\/wp\/v2\/media\/8390"}],"wp:attachment":[{"href":"https:\/\/ibs.bialowieza.pl\/en\/wp-json\/wp\/v2\/media?parent=8389"}],"wp:term":[{"taxonomy":"product_brand","embeddable":true,"href":"https:\/\/ibs.bialowieza.pl\/en\/wp-json\/wp\/v2\/product_brand?post=8389"},{"taxonomy":"product_cat","embeddable":true,"href":"https:\/\/ibs.bialowieza.pl\/en\/wp-json\/wp\/v2\/product_cat?post=8389"},{"taxonomy":"product_tag","embeddable":true,"href":"https:\/\/ibs.bialowieza.pl\/en\/wp-json\/wp\/v2\/product_tag?post=8389"}],"curies":[{"name":"wp","href":"https:\/\/api.w.org\/{rel}","templated":true}]}}